{"id":200,"date":"2013-03-16T22:00:49","date_gmt":"2013-03-16T21:00:49","guid":{"rendered":"http:\/\/www.pferdefreunde-sv-starkenberg.de\/?page_id=200"},"modified":"2017-10-02T20:39:53","modified_gmt":"2017-10-02T19:39:53","slug":"wissen","status":"publish","type":"page","link":"http:\/\/www.pferdefreunde-sv-starkenberg.de\/?page_id=200","title":{"rendered":"Wissenswert"},"content":{"rendered":"<h3><span style=\"color: #ffff99;\"><strong>REITWEISEN und co.<\/strong><\/span><\/h3>\n<p><strong>Was machen die da eigentlich&#8230;<\/strong><\/p>\n<p>Es gibt so unendlich viele M\u00f6glichkeiten seine Freizeit mit dem Partner Pferd zu verbringen. Und man kann verdammt viel Spa\u00df dabei haben. Da gibt es verschiedene M\u00f6glichkeiten der Pferdeausbildung, unterschiedliche Reitweisen, Voltigieren &#8211; das Turnen auf dem Pferder\u00fccken, den Springsport, spezielle Gangpferde-Events, der Fahrsport&#8230;. und und und.<\/p>\n<p>Aber nun mal Hand aufs Herz, wieviel wei\u00df jeder einzelne denn wirklich von der jeweils anderen Reitweise oder dem, was die anderen tun?<\/p>\n<p>Wir m\u00f6chten Euch die verschiedenen Dinge hier nach und nach mit kleinen Erkl\u00e4rungen und links etwas n\u00e4her bringen. Somit erh\u00e4lt man einen kleinen Einblick oder kann sich kurz informieren, was man bisher vielleicht noch nicht wusste.<\/p>\n<p><a title=\"Wissen \u2013 natural horsemanship\" href=\"http:\/\/www.pferdefreunde-sv-starkenberg.de\/?page_id=837\" target=\"_blank\" rel=\"noopener noreferrer\">natural horsemanship<\/a><\/p>\n<p><a title=\"Wissen \u2013 Westernreiten\" href=\"http:\/\/www.pferdefreunde-sv-starkenberg.de\/?page_id=840\" target=\"_blank\" rel=\"noopener noreferrer\">Westernreiten<\/a><\/p>\n<p>klassisches Englischreiten<\/p>\n<p>Voltigieren<\/p>\n<p>Springreiten<\/p>\n<p>Isl\u00e4nder\/Gangpferde<\/p>\n<p>Fahrsport<\/p>\n<p>horse agility<\/p>\n<p>&#8230;<\/p>\n","protected":false},"excerpt":{"rendered":"<p>REITWEISEN und co. Was machen die da eigentlich&#8230; Es gibt so unendlich viele M\u00f6glichkeiten seine Freizeit mit dem Partner Pferd&#8230;<\/p>\n","protected":false},"author":1,"featured_media":0,"parent":0,"menu_order":0,"comment_status":"closed","ping_status":"closed","template":"","meta":{"footnotes":""},"class_list":["post-200","page","type-page","status-publish","hentry"],"_links":{"self":[{"href":"http:\/\/www.pferdefreunde-sv-starkenberg.de\/index.php?rest_route=\/wp\/v2\/pages\/200","targetHints":{"allow":["GET"]}}],"collection":[{"href":"http:\/\/www.pferdefreunde-sv-starkenberg.de\/index.php?rest_route=\/wp\/v2\/pages"}],"about":[{"href":"http:\/\/www.pferdefreunde-sv-starkenberg.de\/index.php?rest_route=\/wp\/v2\/types\/page"}],"author":[{"embeddable":true,"href":"http:\/\/www.pferdefreunde-sv-starkenberg.de\/index.php?rest_route=\/wp\/v2\/users\/1"}],"replies":[{"embeddable":true,"href":"http:\/\/www.pferdefreunde-sv-starkenberg.de\/index.php?rest_route=%2Fwp%2Fv2%2Fcomments&post=200"}],"version-history":[{"count":13,"href":"http:\/\/www.pferdefreunde-sv-starkenberg.de\/index.php?rest_route=\/wp\/v2\/pages\/200\/revisions"}],"predecessor-version":[{"id":7653,"href":"http:\/\/www.pferdefreunde-sv-starkenberg.de\/index.php?rest_route=\/wp\/v2\/pages\/200\/revisions\/7653"}],"wp:attachment":[{"href":"http:\/\/www.pferdefreunde-sv-starkenberg.de\/index.php?rest_route=%2Fwp%2Fv2%2Fmedia&parent=200"}],"curies":[{"name":"wp","href":"https:\/\/api.w.org\/{rel}","templated":true}]}}