{"id":208,"date":"2013-03-16T22:45:07","date_gmt":"2013-03-16T21:45:07","guid":{"rendered":"http:\/\/www.pferdefreunde-sv-starkenberg.de\/?page_id=208"},"modified":"2014-02-10T23:11:48","modified_gmt":"2014-02-10T22:11:48","slug":"november-2012-horsemanship-kurs-mit-petra-hollstein","status":"publish","type":"page","link":"http:\/\/www.pferdefreunde-sv-starkenberg.de\/?page_id=208","title":{"rendered":"Bilder 2012 &#8211; 10.11.2012 Tageskurs NHS mit Petra Hollstein in Starkenberg"},"content":{"rendered":"<p>Am 10.11.2012 veranstaltete der SV Starkenberg -Abteilung Reiten-\u00a0einen\u00a0<strong>Tageskurs zum\u00a0natural horsemanship\u00a0<\/strong>mit Petra Hollstein. Dies ist f\u00fcr 2013 auch wieder vorgesehen. Wir w\u00fcrden uns freuen,\u00a0\u00a0noch mehr Pferdeleute f\u00fcr natural horsemanship zu begeistern, die die Sprache der Pferde erlernen wollen. Wer erleben und erlernen m\u00f6chte, wie man Pferde allein durch K\u00f6rpersprache lenken kann, sollte sich dies nicht entgehen lassen!<\/p>\n<table border=\"0\" align=\"left\">\n<tbody>\n<tr align=\"left\" valign=\"top\">\n<td align=\"left\" valign=\"top\">Kristin Pr\u00fcfer und<br \/>\nLisa Wolter\u00a0mit<br \/>\nShining Star Quent<\/td>\n<td align=\"left\" valign=\"top\">Anja Templin und<br \/>\nElisa Gentsch mit Ronja<\/td>\n<td align=\"left\" valign=\"top\"><\/td>\n<\/tr>\n<tr align=\"left\" valign=\"top\">\n<td align=\"left\" valign=\"top\"><a href=\"http:\/\/www.starkenberg.info\/_WP\/wp-content\/uploads\/2012\/10\/IMG_77601.jpg\" rel=\"lightbox[208]\"><img loading=\"lazy\" decoding=\"async\" title=\"Kristin mit Quent\" alt=\"\" src=\"http:\/\/www.starkenberg.info\/_WP\/wp-content\/uploads\/2012\/10\/IMG_77601-100x75.jpg\" width=\"103\" height=\"78\" \/><\/a><\/td>\n<td align=\"left\" valign=\"top\"><a href=\"http:\/\/www.starkenberg.info\/_WP\/wp-content\/uploads\/2012\/10\/IMG_76311.jpg\" rel=\"lightbox[208]\"><img loading=\"lazy\" decoding=\"async\" title=\"Elisa mit Ronja\" alt=\"\" src=\"http:\/\/www.starkenberg.info\/_WP\/wp-content\/uploads\/2012\/10\/IMG_76311-100x73.jpg\" width=\"100\" height=\"73\" \/><\/a><\/td>\n<td align=\"left\" valign=\"top\"><\/td>\n<\/tr>\n<tr align=\"left\" valign=\"top\">\n<td align=\"left\" valign=\"top\"><a href=\"http:\/\/www.starkenberg.info\/_WP\/wp-content\/uploads\/2012\/10\/IMG_76153.jpg\" rel=\"lightbox[208]\"><img loading=\"lazy\" decoding=\"async\" title=\"Lisa mit Quent\" alt=\"\" src=\"http:\/\/www.starkenberg.info\/_WP\/wp-content\/uploads\/2012\/10\/IMG_76153-100x77.jpg\" width=\"101\" height=\"78\" \/><\/a><\/td>\n<td align=\"left\" valign=\"top\"><a href=\"http:\/\/www.starkenberg.info\/_WP\/wp-content\/uploads\/2012\/10\/IMG_7859-21.jpg\" rel=\"lightbox[208]\"><img loading=\"lazy\" decoding=\"async\" title=\"Anja mit Ronja\" alt=\"\" src=\"http:\/\/www.starkenberg.info\/_WP\/wp-content\/uploads\/2012\/10\/IMG_7859-21-100x73.jpg\" width=\"100\" height=\"73\" \/><\/a><\/td>\n<td align=\"left\" valign=\"top\"><\/td>\n<\/tr>\n<tr align=\"left\" valign=\"top\">\n<td align=\"left\" valign=\"top\">Annika Hil mit<br \/>\nMr. Dusty Mc Kent<\/td>\n<td align=\"left\" valign=\"top\">Katrin Eisfelder mit<br \/>\nNowie\u00b4s Shitan<\/td>\n<td align=\"left\" valign=\"top\">Vivian Rother mit<br \/>\nLittle Desperado<\/td>\n<\/tr>\n<tr align=\"left\" valign=\"top\">\n<td align=\"left\" valign=\"top\"><a href=\"http:\/\/www.starkenberg.info\/_WP\/wp-content\/uploads\/2012\/10\/IMG_77691.jpg\" rel=\"lightbox[208]\"><img loading=\"lazy\" decoding=\"async\" title=\"Annika mit Dusty\" alt=\"\" src=\"http:\/\/www.starkenberg.info\/_WP\/wp-content\/uploads\/2012\/10\/IMG_77691-100x80.jpg\" width=\"100\" height=\"80\" \/><\/a><\/td>\n<td align=\"left\" valign=\"top\"><a href=\"http:\/\/www.starkenberg.info\/_WP\/wp-content\/uploads\/2012\/10\/IMG_7709.jpg\" rel=\"lightbox[208]\"><img loading=\"lazy\" decoding=\"async\" title=\"Katrin mit Shitan\" alt=\"\" src=\"http:\/\/www.starkenberg.info\/_WP\/wp-content\/uploads\/2012\/10\/IMG_7709-100x66.jpg\" width=\"101\" height=\"78\" \/><\/a><\/td>\n<td align=\"left\" valign=\"top\"><a href=\"http:\/\/www.starkenberg.info\/_WP\/wp-content\/uploads\/2012\/10\/IMG_7527.jpg\" rel=\"lightbox[208]\"><img loading=\"lazy\" decoding=\"async\" title=\"Vivian mit Desperado\" alt=\"\" src=\"http:\/\/www.starkenberg.info\/_WP\/wp-content\/uploads\/2012\/10\/IMG_7527-100x75.jpg\" width=\"100\" height=\"77\" \/><\/a><\/td>\n<\/tr>\n<\/tbody>\n<\/table>\n<p>Dass der Mensch die Sprache der Pferde erlernen kann, davon ist die Kursleiterin Petra Hollstein \u00fcberzeugt, seitdem sie selbst ein Seminar mit Birger Gieseke erlebt hat, einem ehemaligen Parelli-Instruktor. \u00a0Auch Anja Templin besuchte mit Ronja im Mai 2012 einen natural horsemanship Kurs bei Birger Gieseke in Jena. Petra Hollstein m\u00f6chte mit ihrer Arbeit demonstrieren, was der Amerikaner Pat Parelli als Urheber nach Deutschland gebracht hat \u2013 Parelli natural horsemanship.<\/p>\n<p>Kristin Pr\u00fcfer und Anja Templin organisierten den kleinen Kurs f\u00fcr interessierte Pferdeleute diesmal in Starkenberg, nachdem die beiden mit \u00a0Elisa Gentsch mit den Pferden Quent und Ronja im Oktober 2012 bei Petra Hollstein in Markersdorf einen kleinen Parelli-Kurs erleben durften.<\/p>\n<p>Natural horsemanship ist nicht der normale Umgang mit dem Pferd, sondern der nat\u00fcrliche Umgang. Dabei ist es keineswegs so, dass dies mit einer speziellen Reitweise zu tun hat. Denn es ist egal ob man Englisch oder Western reitet oder auch Nichtreiter ist, ob man nur seine Freizeit mit dem Partner Pferd verbringen m\u00f6chte oder aber seine Zukunft im gro\u00dfen Pferdesport sieht.<\/p>\n<p><a href=\"http:\/\/www.starkenberg.info\/_WP\/wp-content\/uploads\/2012\/10\/IMG_7575.jpg\" rel=\"lightbox[208]\"><img loading=\"lazy\" decoding=\"async\" alt=\"IMG_7575\" src=\"http:\/\/www.starkenberg.info\/_WP\/wp-content\/uploads\/2012\/10\/IMG_7575-100x66.jpg\" width=\"100\" height=\"66\" \/><\/a>\u00a0\u00a0<a href=\"http:\/\/www.starkenberg.info\/_WP\/wp-content\/uploads\/2012\/10\/IMG_7557.jpg\" rel=\"lightbox[208]\"><img loading=\"lazy\" decoding=\"async\" alt=\"Arbeit am Podest\" src=\"http:\/\/www.starkenberg.info\/_WP\/wp-content\/uploads\/2012\/10\/IMG_7557-100x66.jpg\" width=\"100\" height=\"66\" \/><\/a>\u00a0\u00a0<a href=\"http:\/\/www.starkenberg.info\/_WP\/wp-content\/uploads\/2012\/10\/IMG_7602.jpg\" rel=\"lightbox[208]\"><img loading=\"lazy\" decoding=\"async\" alt=\"Details werden erkl\u00e4rt\" src=\"http:\/\/www.starkenberg.info\/_WP\/wp-content\/uploads\/2012\/10\/IMG_7602-100x66.jpg\" width=\"100\" height=\"66\" \/><\/a><\/p>\n<p>Petra Hollstein zeigte den Kursteilnehmern, wie man Pferde besser verstehen kann und wie man ihre Instinkte und Bed\u00fcrfnisse besser beachten kann. Mit dieser Arbeit vom Boden aus kann man auf Dauer ein ruhiges, kl\u00fcgeres, mutigeres Pferd aus seinem tierischen Partner machen und man erreicht eine Beziehung, deren Basis die Kommunikation ist, man kann dadurch gewisse Probleme vorbeugen, dass diese gar nicht erst entstehen.\u00a0Ein kleines Beispiel, was den Teilnehmern gezeigt wurde, ist, wie man das Pferd am pferdegerechtesten loben kann \u2013 und zwar nicht auf den Hals klopfen wie es nach wie vor in vielen Reitschulen gezeigt wird. In einer Herde w\u00fcrde dies bedeuten: Lass mich in Ruhe!\u00a0Au\u00dferdem soll man nie frontal auf ein Pferd zugehen, denn das Instinktverhalten des Pferdes deutet dies als Geste eines Raubtieres, denn nur ein Raubtier fixiert seine Beute direkt von vorn!<\/p>\n<p><a href=\"http:\/\/www.starkenberg.info\/_WP\/wp-content\/uploads\/2012\/10\/IMG_7663.jpg\" rel=\"lightbox[208]\"><img loading=\"lazy\" decoding=\"async\" title=\"der Regenschirm\" alt=\"IMG_7663\" src=\"http:\/\/www.starkenberg.info\/_WP\/wp-content\/uploads\/2012\/10\/IMG_7663-66x100.jpg\" width=\"66\" height=\"100\" \/><\/a>\u00a0\u00a0<a href=\"http:\/\/www.starkenberg.info\/_WP\/wp-content\/uploads\/2012\/10\/IMG_7772.jpg\" rel=\"lightbox[208]\"><img loading=\"lazy\" decoding=\"async\" title=\"leichte Aufregung beim squeeze game ;-)\" alt=\"IMG_7772\" src=\"http:\/\/www.starkenberg.info\/_WP\/wp-content\/uploads\/2012\/10\/IMG_7772-100x66.jpg\" width=\"100\" height=\"66\" \/><\/a>\u00a0\u00a0<a href=\"http:\/\/www.starkenberg.info\/_WP\/wp-content\/uploads\/2012\/10\/IMG_7716.jpg\" rel=\"lightbox[208]\"><img loading=\"lazy\" decoding=\"async\" title=\"Scheutraining mit Flatterband\" alt=\"IMG_7716\" src=\"http:\/\/www.starkenberg.info\/_WP\/wp-content\/uploads\/2012\/10\/IMG_7716-100x66.jpg\" width=\"100\" height=\"66\" \/><\/a><\/p>\n<p>Es gibt lauter so kleine Dinge und Gesten, die f\u00fcr die Verst\u00e4ndigung zwischen Pferd und Mensch einfach wichtig sind, da beide so grundverschieden sind. In einer Pferdeherde ist es ja so, dass bereits die geringste Anspannung oder Ver\u00e4nderung der K\u00f6rperhaltung eines Herdenmitgliedes den anderen Gefahr oder Entspannung signalisiert. Die lautlose Sprache funktioniert innerhalb einer Herde tagt\u00e4glich wie man es beobachten kann. Als Mensch kann man diese Sprache lernen, man sollte sich einmal damit besch\u00e4ftigen, dann wird man in den Bann des natural horsemanship gezogen\u2026.<\/p>\n<p>Der Mensch wird als Raubtier vom Pferd gesehen, denn seine Gestik ist nun einmal anders, deshalb kommt es zwangsl\u00e4ufig zu Missverst\u00e4ndnissen. Durch natural horsemanship wird der Mensch zum Partner und Freund und die Ausbildung des Pferdes wird erleichtert.<\/p>\n<p>Bei Parelli gibt es\u00a0<strong>7 Spiele<\/strong>, die wie das A-Z der menschlichen Sprache funktionieren. Das friendly game, porcupine game, driving game, yoyo game, sideway game und das squeeze game. Zuvor wird der K\u00f6rper des Pferdes in\u00a0<strong>5 Zonen<\/strong>\u00a0eingeteilt, auf die man bei den verschiedenen Spielen einwirken kann. Zun\u00e4chst wird aufbauend auf der Reihenfolge der Spiele alles \u201eon line\u201c gemacht, d.h. das Pferd hat ein Knotenhalfter um und man arbeitet mit einem 3,7m Seil. Der Stick, den der Mensch nutzt, ist hierbei nicht als Gerte o.\u00e4. zu sehen, sondern soll den verl\u00e4ngerten Arm darstellen. Schritt f\u00fcr Schritt kann man so eine gemeinsame Sprache mit seinem Partner Pferd entwickeln.<\/p>\n<div>\n<dl id=\"attachment_2548\">\n<dt><a href=\"http:\/\/www.starkenberg.info\/_WP\/wp-content\/uploads\/2012\/10\/IMG_7803.jpg\" rel=\"lightbox[208]\"><img loading=\"lazy\" decoding=\"async\" title=\"Anja mit Ronja\" alt=\"IMG_7803\" src=\"http:\/\/www.starkenberg.info\/_WP\/wp-content\/uploads\/2012\/10\/IMG_7803-100x66.jpg\" width=\"100\" height=\"66\" \/><\/a>\u00a0circling game \u00a0\u00a0<a href=\"http:\/\/www.starkenberg.info\/_WP\/wp-content\/uploads\/2012\/10\/IMG_7784.jpg\" rel=\"lightbox[208]\"><img loading=\"lazy\" decoding=\"async\" title=\"Petra mit Dusty\" alt=\"IMG_7784\" src=\"http:\/\/www.starkenberg.info\/_WP\/wp-content\/uploads\/2012\/10\/IMG_7784-100x66.jpg\" width=\"100\" height=\"66\" \/><\/a>\u00a0sideway game \u00a0\u00a0<a href=\"http:\/\/www.starkenberg.info\/_WP\/wp-content\/uploads\/2012\/10\/IMG_7806.jpg\" rel=\"lightbox[208]\"><img loading=\"lazy\" decoding=\"async\" title=\"Anja mit Ronja\" alt=\"IMG_7806\" src=\"http:\/\/www.starkenberg.info\/_WP\/wp-content\/uploads\/2012\/10\/IMG_7806-100x66.jpg\" width=\"100\" height=\"66\" \/><\/a>\u00a0yoyo game<\/dt>\n<\/dl>\n<\/div>\n<p>Auf dem Reitplatz unseres Sportvereins wurde ein kleiner Gelassenheitsparkur aufgebaut: gro\u00dfe rote Tonnen, ein Flattervorhang, wo die Pferde durchlaufen sollten, ein Regenschirm, ein gro\u00dfer Ball und ein Podest. Als Au\u00dfenstehender meint man vielleicht, dies sei nichts besonderes, doch f\u00fcr das Fluchttier Pferd sind solche Dinge wie ein Regenschirm oder ein rot-wei\u00dfer Flattervorhang alles andere als normal. Ein Pferd kostet es viel \u00dcberwindung und zeigt sehr viel Vertrauen zum Menschen, wenn es diese vorgegebene Aufgabe erf\u00fcllt.\u00a0Es wurde in Zweier (Pferde-)gruppen mit den Kurs-Teilnehmern gearbeitet und die 7 Spiele nach Parelli ge\u00fcbt. Dies hat allen sehr viel Spa\u00df gemacht. Mit Geduld und Ausdauer konnten alle Vierbeiner \u00fcberzeugt werden, dass von dem kleinen Parkur keinerlei Gefahr ausgeht.<\/p>\n<div>\n<dl id=\"attachment_2551\">\n<dt><a href=\"http:\/\/www.starkenberg.info\/_WP\/wp-content\/uploads\/2012\/10\/IMG_7589.jpg\" rel=\"lightbox[208]\"><img loading=\"lazy\" decoding=\"async\" title=\"Vivian mit Little Desperado\" alt=\"IMG_7589\" src=\"http:\/\/www.starkenberg.info\/_WP\/wp-content\/uploads\/2012\/10\/IMG_7589-100x68.jpg\" width=\"100\" height=\"68\" \/><\/a>\u00a0v\u00f6llig entspannte Pferde \u00a0\u00a0<a href=\"http:\/\/www.starkenberg.info\/_WP\/wp-content\/uploads\/2012\/10\/IMG_7667.jpg\" rel=\"lightbox[208]\"><img loading=\"lazy\" decoding=\"async\" title=\"Annika mit Dusty\" alt=\"IMG_7667\" src=\"http:\/\/www.starkenberg.info\/_WP\/wp-content\/uploads\/2012\/10\/IMG_7667-100x64.jpg\" width=\"100\" height=\"64\" \/><\/a>\u00a0Dusty w\u00e4lzte sich sogar \u00a0\u00a0<a href=\"http:\/\/www.starkenberg.info\/_WP\/wp-content\/uploads\/2012\/10\/IMG_7608.jpg\" rel=\"lightbox[208]\"><img loading=\"lazy\" decoding=\"async\" title=\"Elisa mit Ronja\" alt=\"IMG_7608\" src=\"http:\/\/www.starkenberg.info\/_WP\/wp-content\/uploads\/2012\/10\/IMG_7608-100x66.jpg\" width=\"100\" height=\"66\" \/><\/a>\u00a0Ronja auch<\/dt>\n<\/dl>\n<\/div>\n<p>Es war ein toller Tag f\u00fcr die Teilnehmer des Kurses und f\u00fcr die Vierbeiner sicherlich auch, die zu ihrem Menschen noch mehr Vertrauen aufbauen konnten und der eine oder andere feststellte, dass auch ein Gymnastikball keine Pferde verspeist.<\/p>\n<p><img loading=\"lazy\" decoding=\"async\" title=\"Petra Hollstein und Anja Templin mit Ronja\" alt=\"IMG_7795\" src=\"http:\/\/www.starkenberg.info\/_WP\/wp-content\/uploads\/2012\/10\/IMG_7795-100x66.jpg\" width=\"100\" height=\"66\" \/>\u00a0\u00a0<a href=\"http:\/\/www.starkenberg.info\/_WP\/wp-content\/uploads\/2012\/10\/IMG_7733.jpg\" rel=\"lightbox[208]\"><img loading=\"lazy\" decoding=\"async\" title=\"kleine Kaffeepause\" alt=\"IMG_7733\" src=\"http:\/\/www.starkenberg.info\/_WP\/wp-content\/uploads\/2012\/10\/IMG_7733-100x66.jpg\" width=\"100\" height=\"66\" \/><\/a>\u00a0\u00a0<a href=\"http:\/\/www.starkenberg.info\/_WP\/wp-content\/uploads\/2012\/10\/IMG_77401.jpg\" rel=\"lightbox[208]\"><img loading=\"lazy\" decoding=\"async\" title=\"keep it natural\" alt=\"IMG_7740\" src=\"http:\/\/www.starkenberg.info\/_WP\/wp-content\/uploads\/2012\/10\/IMG_77401-100x66.jpg\" width=\"100\" height=\"66\" \/><\/a><\/p>\n<p>&nbsp;<\/p>\n<p><em>Zur Geschichte des natural horsemanship:<\/em><\/p>\n<p><em>\u201eDer US-Amerikaner Pat Parelli war ein anerkannter Pferdetrainer und Rodeoreiter, bevor er 1981 damit begann, das Konzept von Parelli Natural Horse-Man-Ship zu entwickeln. In den vergangenen Jahren hat er sein Programm, gemeinsam mit seiner Frau Linda Parelli, kontinuierlich ausgebaut und stets seinen neusten Erkenntnissen im Umgang mit Pferden angepasst. Heute ist Parelli Natural Horsemanship ein modernes und erfolgreiches Ausbildungskonzept, welches sowohl den Menschen, als auch das Pferd mit einbezieht.<\/em><\/p>\n<p><em>[Quelle: http:\/\/www.parelli-instruktoren.com\/sites\/content\/ueber_parelli_neu.html]<\/em><\/p>\n<p>&nbsp;<\/p>\n<p>N\u00e4here Infos \u00fcber Petra Hollstein gibt es hier:<\/p>\n<p><a href=\"http:\/\/www.horseman-ranch-markersdorf.de\/\" target=\"_blank\">http:\/\/www.horseman-ranch-markersdorf.de<\/a><\/p>\n<p><a href=\"http:\/\/www.starkenberg.info\/_WP\/wp-content\/uploads\/2012\/10\/IMG_1698-2.jpg\" rel=\"lightbox[208]\"><img loading=\"lazy\" decoding=\"async\" alt=\"IMG_1698 (2)\" src=\"http:\/\/www.starkenberg.info\/_WP\/wp-content\/uploads\/2012\/10\/IMG_1698-2-100x75.jpg\" width=\"88\" height=\"66\" \/><\/a>\u00a0\u00a0<a href=\"http:\/\/www.starkenberg.info\/_WP\/wp-content\/uploads\/2012\/10\/IMG_7542.jpg\" rel=\"lightbox[208]\"><img loading=\"lazy\" decoding=\"async\" title=\"Kristin mit Quent\" alt=\"IMG_7542\" src=\"http:\/\/www.starkenberg.info\/_WP\/wp-content\/uploads\/2012\/10\/IMG_7542-100x66.jpg\" width=\"100\" height=\"66\" \/><\/a>\u00a0\u00a0<a href=\"http:\/\/www.starkenberg.info\/_WP\/wp-content\/uploads\/2012\/10\/IMG_7579.jpg\" rel=\"lightbox[208]\"><img loading=\"lazy\" decoding=\"async\" title=\"alles v\u00f6llig entspannt!\" alt=\"IMG_7579\" src=\"http:\/\/www.starkenberg.info\/_WP\/wp-content\/uploads\/2012\/10\/IMG_7579-100x66.jpg\" width=\"100\" height=\"66\" \/><\/a>\u00a0\u00a0<a href=\"http:\/\/www.starkenberg.info\/_WP\/wp-content\/uploads\/2012\/10\/IMG_7597.jpg\" rel=\"lightbox[208]\"><img loading=\"lazy\" decoding=\"async\" title=\"fein gemacht\" alt=\"IMG_7597\" src=\"http:\/\/www.starkenberg.info\/_WP\/wp-content\/uploads\/2012\/10\/IMG_7597-100x66.jpg\" width=\"100\" height=\"66\" \/><\/a>\u00a0\u00a0<a href=\"http:\/\/www.starkenberg.info\/_WP\/wp-content\/uploads\/2012\/10\/IMG_7818.jpg\" rel=\"lightbox[208]\"><img loading=\"lazy\" decoding=\"async\" title=\"Vivian mit Little Desperado\" alt=\"IMG_7818\" src=\"http:\/\/www.starkenberg.info\/_WP\/wp-content\/uploads\/2012\/10\/IMG_7818-100x66.jpg\" width=\"100\" height=\"66\" \/><\/a><\/p>\n","protected":false},"excerpt":{"rendered":"<p>Am 10.11.2012 veranstaltete der SV Starkenberg -Abteilung Reiten-\u00a0einen\u00a0Tageskurs zum\u00a0natural horsemanship\u00a0mit Petra Hollstein. Dies ist f\u00fcr 2013 auch wieder vorgesehen. Wir&#8230;<\/p>\n","protected":false},"author":1,"featured_media":0,"parent":63,"menu_order":0,"comment_status":"closed","ping_status":"closed","template":"","meta":{"footnotes":""},"class_list":["post-208","page","type-page","status-publish","hentry"],"_links":{"self":[{"href":"http:\/\/www.pferdefreunde-sv-starkenberg.de\/index.php?rest_route=\/wp\/v2\/pages\/208","targetHints":{"allow":["GET"]}}],"collection":[{"href":"http:\/\/www.pferdefreunde-sv-starkenberg.de\/index.php?rest_route=\/wp\/v2\/pages"}],"about":[{"href":"http:\/\/www.pferdefreunde-sv-starkenberg.de\/index.php?rest_route=\/wp\/v2\/types\/page"}],"author":[{"embeddable":true,"href":"http:\/\/www.pferdefreunde-sv-starkenberg.de\/index.php?rest_route=\/wp\/v2\/users\/1"}],"replies":[{"embeddable":true,"href":"http:\/\/www.pferdefreunde-sv-starkenberg.de\/index.php?rest_route=%2Fwp%2Fv2%2Fcomments&post=208"}],"version-history":[{"count":17,"href":"http:\/\/www.pferdefreunde-sv-starkenberg.de\/index.php?rest_route=\/wp\/v2\/pages\/208\/revisions"}],"predecessor-version":[{"id":2384,"href":"http:\/\/www.pferdefreunde-sv-starkenberg.de\/index.php?rest_route=\/wp\/v2\/pages\/208\/revisions\/2384"}],"up":[{"embeddable":true,"href":"http:\/\/www.pferdefreunde-sv-starkenberg.de\/index.php?rest_route=\/wp\/v2\/pages\/63"}],"wp:attachment":[{"href":"http:\/\/www.pferdefreunde-sv-starkenberg.de\/index.php?rest_route=%2Fwp%2Fv2%2Fmedia&parent=208"}],"curies":[{"name":"wp","href":"https:\/\/api.w.org\/{rel}","templated":true}]}}