{"id":212,"date":"2013-03-16T22:51:58","date_gmt":"2013-03-16T21:51:58","guid":{"rendered":"http:\/\/www.pferdefreunde-sv-starkenberg.de\/?page_id=212"},"modified":"2023-08-15T12:54:45","modified_gmt":"2023-08-15T11:54:45","slug":"westernreiten","status":"publish","type":"page","link":"http:\/\/www.pferdefreunde-sv-starkenberg.de\/?page_id=212","title":{"rendered":"Wir \u00fcber uns &#8211; Westernreiten"},"content":{"rendered":"<p style=\"text-align: justify;\"><strong>Westernreiten<\/strong><\/p>\n<p style=\"text-align: justify;\"><a title=\"Bild 23\" href=\"http:\/\/www.starkenberg.info\/_WP\/wp-content\/uploads\/2012\/11\/Bild-23.jpg\" rel=\"same-post-2369\" rel=\"lightbox[212]\"><img loading=\"lazy\" decoding=\"async\" class=\"alignleft\" title=\"Bild 23\" src=\"http:\/\/www.starkenberg.info\/_WP\/wp-content\/uploads\/2012\/11\/Bild-23-100x82.jpg\" alt=\"\" width=\"100\" height=\"82\" \/><\/a>Diese Art des Reitens,<a title=\"Bild 22\" href=\"http:\/\/www.starkenberg.info\/_WP\/wp-content\/uploads\/2012\/11\/Bild-22.jpg\" rel=\"same-post-2369\" rel=\"lightbox[212]\"><img loading=\"lazy\" decoding=\"async\" class=\"alignright\" title=\"Bild 22\" src=\"http:\/\/www.starkenberg.info\/_WP\/wp-content\/uploads\/2012\/11\/Bild-22-100x67.jpg\" alt=\"\" width=\"100\" height=\"67\" \/><\/a>\u00a0die sich an der Arbeitsreitweise der Cowboys anlehnt, hat ihren Ursprung in Amerika. Die Cowboys brauchten ein ausdauerndes Pferd mit bequemen G\u00e4ngen, da sie den ganzen Tag im Sattel verbrachten. Beim Westernreiten sind die Hilfen f\u00fcr das Pferd so, dass mit m\u00f6glichst wenig Anstrengung alles vom Pferd abverlangt werden kann.\u00a0<a title=\"Bild 24\" href=\"http:\/\/www.starkenberg.info\/_WP\/wp-content\/uploads\/2012\/11\/Bild-24.jpg\" rel=\"same-post-2369\" rel=\"lightbox[212]\"><img loading=\"lazy\" decoding=\"async\" class=\"alignleft\" title=\"Bild 24\" src=\"http:\/\/www.starkenberg.info\/_WP\/wp-content\/uploads\/2012\/11\/Bild-24-100x75.jpg\" alt=\"\" width=\"100\" height=\"75\" \/><\/a><a title=\"Bild 26\" href=\"http:\/\/www.starkenberg.info\/_WP\/wp-content\/uploads\/2012\/11\/Bild-26.jpg\" rel=\"same-post-2369\" rel=\"lightbox[212]\"><img loading=\"lazy\" decoding=\"async\" class=\"alignright\" title=\"Bild 26\" src=\"http:\/\/www.starkenberg.info\/_WP\/wp-content\/uploads\/2012\/11\/Bild-26-100x75.jpg\" alt=\"\" width=\"100\" height=\"75\" \/><\/a>Bis M\u00e4rz 2013 war\u00a0Kristin Pr\u00fcfer mit ihrem Haflinger Shining Star Quent bei uns in Starkenberg. Sie reitet aktiv Westernreitturniere und bietet gern allen Interessierten einen Einblick in das Westernreiten auf ihrem Haflinger. Seit Ende 2016 sind Kristin und Quent auf dem Kirsch-Hof zu finden. Durch jahrelanges hartes Training startete sie in der Leistungsklasse 4, 2013 war\u00a0das Ziel die LK 3.\u00a0Dass man im Westernreiten einh\u00e4ndig reitet, kommt daher, dass die Cowboys eine Hand brauchten, um das Lasso zu halten.<\/p>\n<p style=\"text-align: justify;\"><a title=\"Bild 25\" href=\"http:\/\/www.starkenberg.info\/_WP\/wp-content\/uploads\/2012\/10\/Bild-25.jpg\" rel=\"same-post-2369\" rel=\"lightbox[212]\"><img loading=\"lazy\" decoding=\"async\" class=\"alignleft\" title=\"Bild 25\" src=\"http:\/\/www.starkenberg.info\/_WP\/wp-content\/uploads\/2012\/10\/Bild-25-65x100.jpg\" alt=\"\" width=\"65\" height=\"100\" \/><\/a>Bei Fragen zum Westernreiten (Reitweise, Turnieren und sonstiges zum Thema Westernreiten):<\/p>\n<p style=\"text-align: justify;\">Kristin Pr\u00fcfer<\/p>\n<p style=\"text-align: justify;\">E-Mail:\u00a0<a href=\"mailto:Kristin.Pruefer@starkenberg.info\">Kristin.Pruefer@starkenberg.info<\/a><\/p>\n<p style=\"text-align: justify;\">Tel. 0157 32430222<\/p>\n","protected":false},"excerpt":{"rendered":"<p>Westernreiten Diese Art des Reitens,\u00a0die sich an der Arbeitsreitweise der Cowboys anlehnt, hat ihren Ursprung in Amerika. Die Cowboys brauchten&#8230;<\/p>\n","protected":false},"author":1,"featured_media":0,"parent":6,"menu_order":0,"comment_status":"closed","ping_status":"closed","template":"","meta":{"footnotes":""},"class_list":["post-212","page","type-page","status-publish","hentry"],"_links":{"self":[{"href":"http:\/\/www.pferdefreunde-sv-starkenberg.de\/index.php?rest_route=\/wp\/v2\/pages\/212","targetHints":{"allow":["GET"]}}],"collection":[{"href":"http:\/\/www.pferdefreunde-sv-starkenberg.de\/index.php?rest_route=\/wp\/v2\/pages"}],"about":[{"href":"http:\/\/www.pferdefreunde-sv-starkenberg.de\/index.php?rest_route=\/wp\/v2\/types\/page"}],"author":[{"embeddable":true,"href":"http:\/\/www.pferdefreunde-sv-starkenberg.de\/index.php?rest_route=\/wp\/v2\/users\/1"}],"replies":[{"embeddable":true,"href":"http:\/\/www.pferdefreunde-sv-starkenberg.de\/index.php?rest_route=%2Fwp%2Fv2%2Fcomments&post=212"}],"version-history":[{"count":13,"href":"http:\/\/www.pferdefreunde-sv-starkenberg.de\/index.php?rest_route=\/wp\/v2\/pages\/212\/revisions"}],"predecessor-version":[{"id":9477,"href":"http:\/\/www.pferdefreunde-sv-starkenberg.de\/index.php?rest_route=\/wp\/v2\/pages\/212\/revisions\/9477"}],"up":[{"embeddable":true,"href":"http:\/\/www.pferdefreunde-sv-starkenberg.de\/index.php?rest_route=\/wp\/v2\/pages\/6"}],"wp:attachment":[{"href":"http:\/\/www.pferdefreunde-sv-starkenberg.de\/index.php?rest_route=%2Fwp%2Fv2%2Fmedia&parent=212"}],"curies":[{"name":"wp","href":"https:\/\/api.w.org\/{rel}","templated":true}]}}