{"id":2141,"date":"2014-01-05T22:10:17","date_gmt":"2014-01-05T21:10:17","guid":{"rendered":"http:\/\/www.pferdefreunde-sv-starkenberg.de\/?page_id=2141"},"modified":"2014-02-10T23:10:03","modified_gmt":"2014-02-10T22:10:03","slug":"bilder-05-01-2014-spas-fur-alle-gefallig-los-geht%c2%b4s","status":"publish","type":"page","link":"http:\/\/www.pferdefreunde-sv-starkenberg.de\/?page_id=2141","title":{"rendered":"Bilder 2014 &#8211; 05.01.2014 Spa\u00df f\u00fcr alle gef\u00e4llig? los geht\u00b4s!"},"content":{"rendered":"<div id='gallery-1' class='gallery galleryid-2141 gallery-columns-3 gallery-size-thumbnail'><figure class='gallery-item'>\n\t\t\t<div class='gallery-icon portrait'>\n\t\t\t\t<a href='http:\/\/www.pferdefreunde-sv-starkenberg.de\/?attachment_id=2100'><img loading=\"lazy\" decoding=\"async\" width=\"150\" height=\"150\" src=\"http:\/\/www.pferdefreunde-sv-starkenberg.de\/wp-content\/uploads\/2014\/01\/IMG_1130-150x150.jpg\" class=\"attachment-thumbnail size-thumbnail\" alt=\"\" \/><\/a>\n\t\t\t<\/div><\/figure><figure class='gallery-item'>\n\t\t\t<div class='gallery-icon landscape'>\n\t\t\t\t<a href='http:\/\/www.pferdefreunde-sv-starkenberg.de\/?attachment_id=2101'><img loading=\"lazy\" decoding=\"async\" width=\"150\" height=\"150\" src=\"http:\/\/www.pferdefreunde-sv-starkenberg.de\/wp-content\/uploads\/2014\/01\/IMG_1131-150x150.jpg\" class=\"attachment-thumbnail size-thumbnail\" alt=\"\" \/><\/a>\n\t\t\t<\/div><\/figure><figure class='gallery-item'>\n\t\t\t<div class='gallery-icon portrait'>\n\t\t\t\t<a href='http:\/\/www.pferdefreunde-sv-starkenberg.de\/?attachment_id=2102'><img loading=\"lazy\" decoding=\"async\" width=\"150\" height=\"150\" src=\"http:\/\/www.pferdefreunde-sv-starkenberg.de\/wp-content\/uploads\/2014\/01\/IMG_1132-150x150.jpg\" class=\"attachment-thumbnail size-thumbnail\" alt=\"\" \/><\/a>\n\t\t\t<\/div><\/figure><figure class='gallery-item'>\n\t\t\t<div class='gallery-icon landscape'>\n\t\t\t\t<a href='http:\/\/www.pferdefreunde-sv-starkenberg.de\/?attachment_id=2103'><img loading=\"lazy\" decoding=\"async\" width=\"150\" height=\"150\" src=\"http:\/\/www.pferdefreunde-sv-starkenberg.de\/wp-content\/uploads\/2014\/01\/IMG_1133-150x150.jpg\" class=\"attachment-thumbnail size-thumbnail\" alt=\"\" \/><\/a>\n\t\t\t<\/div><\/figure><figure class='gallery-item'>\n\t\t\t<div class='gallery-icon landscape'>\n\t\t\t\t<a href='http:\/\/www.pferdefreunde-sv-starkenberg.de\/?attachment_id=2105'><img loading=\"lazy\" decoding=\"async\" width=\"150\" height=\"150\" src=\"http:\/\/www.pferdefreunde-sv-starkenberg.de\/wp-content\/uploads\/2014\/01\/IMG_1134-150x150.jpg\" class=\"attachment-thumbnail size-thumbnail\" alt=\"\" \/><\/a>\n\t\t\t<\/div><\/figure><figure class='gallery-item'>\n\t\t\t<div class='gallery-icon landscape'>\n\t\t\t\t<a href='http:\/\/www.pferdefreunde-sv-starkenberg.de\/?attachment_id=2106'><img loading=\"lazy\" decoding=\"async\" width=\"150\" height=\"150\" src=\"http:\/\/www.pferdefreunde-sv-starkenberg.de\/wp-content\/uploads\/2014\/01\/IMG_1135-150x150.jpg\" class=\"attachment-thumbnail size-thumbnail\" alt=\"\" \/><\/a>\n\t\t\t<\/div><\/figure><figure class='gallery-item'>\n\t\t\t<div class='gallery-icon portrait'>\n\t\t\t\t<a href='http:\/\/www.pferdefreunde-sv-starkenberg.de\/?attachment_id=2109'><img loading=\"lazy\" decoding=\"async\" width=\"150\" height=\"150\" src=\"http:\/\/www.pferdefreunde-sv-starkenberg.de\/wp-content\/uploads\/2014\/01\/IMG_1138-150x150.jpg\" class=\"attachment-thumbnail size-thumbnail\" alt=\"\" \/><\/a>\n\t\t\t<\/div><\/figure><figure class='gallery-item'>\n\t\t\t<div class='gallery-icon portrait'>\n\t\t\t\t<a href='http:\/\/www.pferdefreunde-sv-starkenberg.de\/?attachment_id=2110'><img loading=\"lazy\" decoding=\"async\" width=\"150\" height=\"150\" src=\"http:\/\/www.pferdefreunde-sv-starkenberg.de\/wp-content\/uploads\/2014\/01\/IMG_1139-150x150.jpg\" class=\"attachment-thumbnail size-thumbnail\" alt=\"\" \/><\/a>\n\t\t\t<\/div><\/figure><figure class='gallery-item'>\n\t\t\t<div class='gallery-icon portrait'>\n\t\t\t\t<a href='http:\/\/www.pferdefreunde-sv-starkenberg.de\/?attachment_id=2111'><img loading=\"lazy\" decoding=\"async\" width=\"150\" height=\"150\" src=\"http:\/\/www.pferdefreunde-sv-starkenberg.de\/wp-content\/uploads\/2014\/01\/IMG_1140-150x150.jpg\" class=\"attachment-thumbnail size-thumbnail\" alt=\"\" \/><\/a>\n\t\t\t<\/div><\/figure><figure class='gallery-item'>\n\t\t\t<div class='gallery-icon portrait'>\n\t\t\t\t<a href='http:\/\/www.pferdefreunde-sv-starkenberg.de\/?attachment_id=2118'><img loading=\"lazy\" decoding=\"async\" width=\"150\" height=\"150\" src=\"http:\/\/www.pferdefreunde-sv-starkenberg.de\/wp-content\/uploads\/2014\/01\/IMG_1147-150x150.jpg\" class=\"attachment-thumbnail size-thumbnail\" alt=\"\" \/><\/a>\n\t\t\t<\/div><\/figure><figure class='gallery-item'>\n\t\t\t<div class='gallery-icon portrait'>\n\t\t\t\t<a href='http:\/\/www.pferdefreunde-sv-starkenberg.de\/?attachment_id=2117'><img loading=\"lazy\" decoding=\"async\" width=\"150\" height=\"150\" src=\"http:\/\/www.pferdefreunde-sv-starkenberg.de\/wp-content\/uploads\/2014\/01\/IMG_1146-150x150.jpg\" class=\"attachment-thumbnail size-thumbnail\" alt=\"\" \/><\/a>\n\t\t\t<\/div><\/figure><figure class='gallery-item'>\n\t\t\t<div class='gallery-icon portrait'>\n\t\t\t\t<a href='http:\/\/www.pferdefreunde-sv-starkenberg.de\/?attachment_id=2116'><img loading=\"lazy\" decoding=\"async\" width=\"150\" height=\"150\" src=\"http:\/\/www.pferdefreunde-sv-starkenberg.de\/wp-content\/uploads\/2014\/01\/IMG_1145-150x150.jpg\" class=\"attachment-thumbnail size-thumbnail\" alt=\"\" \/><\/a>\n\t\t\t<\/div><\/figure><figure class='gallery-item'>\n\t\t\t<div class='gallery-icon portrait'>\n\t\t\t\t<a href='http:\/\/www.pferdefreunde-sv-starkenberg.de\/?attachment_id=2115'><img loading=\"lazy\" decoding=\"async\" width=\"150\" height=\"150\" src=\"http:\/\/www.pferdefreunde-sv-starkenberg.de\/wp-content\/uploads\/2014\/01\/IMG_1144-150x150.jpg\" class=\"attachment-thumbnail size-thumbnail\" alt=\"\" \/><\/a>\n\t\t\t<\/div><\/figure><figure class='gallery-item'>\n\t\t\t<div class='gallery-icon portrait'>\n\t\t\t\t<a href='http:\/\/www.pferdefreunde-sv-starkenberg.de\/?attachment_id=2114'><img loading=\"lazy\" decoding=\"async\" width=\"150\" height=\"150\" src=\"http:\/\/www.pferdefreunde-sv-starkenberg.de\/wp-content\/uploads\/2014\/01\/IMG_1143-150x150.jpg\" class=\"attachment-thumbnail size-thumbnail\" alt=\"\" \/><\/a>\n\t\t\t<\/div><\/figure><figure class='gallery-item'>\n\t\t\t<div class='gallery-icon portrait'>\n\t\t\t\t<a href='http:\/\/www.pferdefreunde-sv-starkenberg.de\/?attachment_id=2113'><img loading=\"lazy\" decoding=\"async\" width=\"150\" height=\"150\" src=\"http:\/\/www.pferdefreunde-sv-starkenberg.de\/wp-content\/uploads\/2014\/01\/IMG_1142-150x150.jpg\" class=\"attachment-thumbnail size-thumbnail\" alt=\"\" \/><\/a>\n\t\t\t<\/div><\/figure><figure class='gallery-item'>\n\t\t\t<div class='gallery-icon portrait'>\n\t\t\t\t<a href='http:\/\/www.pferdefreunde-sv-starkenberg.de\/?attachment_id=2112'><img loading=\"lazy\" decoding=\"async\" width=\"150\" height=\"150\" src=\"http:\/\/www.pferdefreunde-sv-starkenberg.de\/wp-content\/uploads\/2014\/01\/IMG_1141-150x150.jpg\" class=\"attachment-thumbnail size-thumbnail\" alt=\"\" \/><\/a>\n\t\t\t<\/div><\/figure><figure class='gallery-item'>\n\t\t\t<div class='gallery-icon portrait'>\n\t\t\t\t<a href='http:\/\/www.pferdefreunde-sv-starkenberg.de\/?attachment_id=2119'><img loading=\"lazy\" decoding=\"async\" width=\"150\" height=\"150\" src=\"http:\/\/www.pferdefreunde-sv-starkenberg.de\/wp-content\/uploads\/2014\/01\/IMG_1148-150x150.jpg\" class=\"attachment-thumbnail size-thumbnail\" alt=\"\" \/><\/a>\n\t\t\t<\/div><\/figure><figure class='gallery-item'>\n\t\t\t<div class='gallery-icon portrait'>\n\t\t\t\t<a href='http:\/\/www.pferdefreunde-sv-starkenberg.de\/?attachment_id=2120'><img loading=\"lazy\" decoding=\"async\" width=\"150\" height=\"150\" src=\"http:\/\/www.pferdefreunde-sv-starkenberg.de\/wp-content\/uploads\/2014\/01\/IMG_1149-150x150.jpg\" class=\"attachment-thumbnail size-thumbnail\" alt=\"\" \/><\/a>\n\t\t\t<\/div><\/figure><figure class='gallery-item'>\n\t\t\t<div class='gallery-icon portrait'>\n\t\t\t\t<a href='http:\/\/www.pferdefreunde-sv-starkenberg.de\/?attachment_id=2121'><img loading=\"lazy\" decoding=\"async\" width=\"150\" height=\"150\" src=\"http:\/\/www.pferdefreunde-sv-starkenberg.de\/wp-content\/uploads\/2014\/01\/IMG_1150-150x150.jpg\" class=\"attachment-thumbnail size-thumbnail\" alt=\"\" \/><\/a>\n\t\t\t<\/div><\/figure><figure class='gallery-item'>\n\t\t\t<div class='gallery-icon portrait'>\n\t\t\t\t<a href='http:\/\/www.pferdefreunde-sv-starkenberg.de\/?attachment_id=2122'><img loading=\"lazy\" decoding=\"async\" width=\"150\" height=\"150\" src=\"http:\/\/www.pferdefreunde-sv-starkenberg.de\/wp-content\/uploads\/2014\/01\/IMG_1151-150x150.jpg\" class=\"attachment-thumbnail size-thumbnail\" alt=\"\" \/><\/a>\n\t\t\t<\/div><\/figure><figure class='gallery-item'>\n\t\t\t<div class='gallery-icon portrait'>\n\t\t\t\t<a href='http:\/\/www.pferdefreunde-sv-starkenberg.de\/?attachment_id=2123'><img loading=\"lazy\" decoding=\"async\" width=\"150\" height=\"150\" src=\"http:\/\/www.pferdefreunde-sv-starkenberg.de\/wp-content\/uploads\/2014\/01\/IMG_1152-150x150.jpg\" class=\"attachment-thumbnail size-thumbnail\" alt=\"\" \/><\/a>\n\t\t\t<\/div><\/figure><figure class='gallery-item'>\n\t\t\t<div class='gallery-icon portrait'>\n\t\t\t\t<a href='http:\/\/www.pferdefreunde-sv-starkenberg.de\/?attachment_id=2124'><img loading=\"lazy\" decoding=\"async\" width=\"150\" height=\"150\" src=\"http:\/\/www.pferdefreunde-sv-starkenberg.de\/wp-content\/uploads\/2014\/01\/IMG_1153-150x150.jpg\" class=\"attachment-thumbnail size-thumbnail\" alt=\"\" \/><\/a>\n\t\t\t<\/div><\/figure><figure class='gallery-item'>\n\t\t\t<div class='gallery-icon portrait'>\n\t\t\t\t<a href='http:\/\/www.pferdefreunde-sv-starkenberg.de\/?attachment_id=2125'><img loading=\"lazy\" decoding=\"async\" width=\"150\" height=\"150\" src=\"http:\/\/www.pferdefreunde-sv-starkenberg.de\/wp-content\/uploads\/2014\/01\/IMG_1154-150x150.jpg\" class=\"attachment-thumbnail size-thumbnail\" alt=\"\" \/><\/a>\n\t\t\t<\/div><\/figure><figure class='gallery-item'>\n\t\t\t<div class='gallery-icon landscape'>\n\t\t\t\t<a href='http:\/\/www.pferdefreunde-sv-starkenberg.de\/?attachment_id=2132'><img loading=\"lazy\" decoding=\"async\" width=\"150\" height=\"150\" src=\"http:\/\/www.pferdefreunde-sv-starkenberg.de\/wp-content\/uploads\/2014\/01\/IMG_1161-150x150.jpg\" class=\"attachment-thumbnail size-thumbnail\" alt=\"\" \/><\/a>\n\t\t\t<\/div><\/figure><figure class='gallery-item'>\n\t\t\t<div class='gallery-icon landscape'>\n\t\t\t\t<a href='http:\/\/www.pferdefreunde-sv-starkenberg.de\/?attachment_id=2131'><img loading=\"lazy\" decoding=\"async\" width=\"150\" height=\"150\" src=\"http:\/\/www.pferdefreunde-sv-starkenberg.de\/wp-content\/uploads\/2014\/01\/IMG_1160-150x150.jpg\" class=\"attachment-thumbnail size-thumbnail\" alt=\"\" \/><\/a>\n\t\t\t<\/div><\/figure><figure class='gallery-item'>\n\t\t\t<div class='gallery-icon portrait'>\n\t\t\t\t<a href='http:\/\/www.pferdefreunde-sv-starkenberg.de\/?attachment_id=2130'><img loading=\"lazy\" decoding=\"async\" width=\"150\" height=\"150\" src=\"http:\/\/www.pferdefreunde-sv-starkenberg.de\/wp-content\/uploads\/2014\/01\/IMG_1159-150x150.jpg\" class=\"attachment-thumbnail size-thumbnail\" alt=\"\" \/><\/a>\n\t\t\t<\/div><\/figure><figure class='gallery-item'>\n\t\t\t<div class='gallery-icon landscape'>\n\t\t\t\t<a href='http:\/\/www.pferdefreunde-sv-starkenberg.de\/?attachment_id=2129'><img loading=\"lazy\" decoding=\"async\" width=\"150\" height=\"150\" src=\"http:\/\/www.pferdefreunde-sv-starkenberg.de\/wp-content\/uploads\/2014\/01\/IMG_1158-150x150.jpg\" class=\"attachment-thumbnail size-thumbnail\" alt=\"\" \/><\/a>\n\t\t\t<\/div><\/figure><figure class='gallery-item'>\n\t\t\t<div class='gallery-icon landscape'>\n\t\t\t\t<a href='http:\/\/www.pferdefreunde-sv-starkenberg.de\/?attachment_id=2128'><img loading=\"lazy\" decoding=\"async\" width=\"150\" height=\"150\" src=\"http:\/\/www.pferdefreunde-sv-starkenberg.de\/wp-content\/uploads\/2014\/01\/IMG_1157-150x150.jpg\" class=\"attachment-thumbnail size-thumbnail\" alt=\"\" \/><\/a>\n\t\t\t<\/div><\/figure><figure class='gallery-item'>\n\t\t\t<div class='gallery-icon landscape'>\n\t\t\t\t<a href='http:\/\/www.pferdefreunde-sv-starkenberg.de\/?attachment_id=2127'><img loading=\"lazy\" decoding=\"async\" width=\"150\" height=\"150\" src=\"http:\/\/www.pferdefreunde-sv-starkenberg.de\/wp-content\/uploads\/2014\/01\/IMG_1156-150x150.jpg\" class=\"attachment-thumbnail size-thumbnail\" alt=\"\" \/><\/a>\n\t\t\t<\/div><\/figure><figure class='gallery-item'>\n\t\t\t<div class='gallery-icon portrait'>\n\t\t\t\t<a href='http:\/\/www.pferdefreunde-sv-starkenberg.de\/?attachment_id=2126'><img loading=\"lazy\" decoding=\"async\" width=\"150\" height=\"150\" src=\"http:\/\/www.pferdefreunde-sv-starkenberg.de\/wp-content\/uploads\/2014\/01\/IMG_1155-150x150.jpg\" class=\"attachment-thumbnail size-thumbnail\" alt=\"\" \/><\/a>\n\t\t\t<\/div><\/figure><figure class='gallery-item'>\n\t\t\t<div class='gallery-icon portrait'>\n\t\t\t\t<a href='http:\/\/www.pferdefreunde-sv-starkenberg.de\/?attachment_id=2133'><img loading=\"lazy\" decoding=\"async\" width=\"150\" height=\"150\" src=\"http:\/\/www.pferdefreunde-sv-starkenberg.de\/wp-content\/uploads\/2014\/01\/IMG_1162-150x150.jpg\" class=\"attachment-thumbnail size-thumbnail\" alt=\"\" \/><\/a>\n\t\t\t<\/div><\/figure><figure class='gallery-item'>\n\t\t\t<div class='gallery-icon landscape'>\n\t\t\t\t<a href='http:\/\/www.pferdefreunde-sv-starkenberg.de\/?attachment_id=2134'><img loading=\"lazy\" decoding=\"async\" width=\"150\" height=\"150\" src=\"http:\/\/www.pferdefreunde-sv-starkenberg.de\/wp-content\/uploads\/2014\/01\/IMG_1163-150x150.jpg\" class=\"attachment-thumbnail size-thumbnail\" alt=\"\" \/><\/a>\n\t\t\t<\/div><\/figure><figure class='gallery-item'>\n\t\t\t<div class='gallery-icon landscape'>\n\t\t\t\t<a href='http:\/\/www.pferdefreunde-sv-starkenberg.de\/?attachment_id=2135'><img loading=\"lazy\" decoding=\"async\" width=\"150\" height=\"150\" src=\"http:\/\/www.pferdefreunde-sv-starkenberg.de\/wp-content\/uploads\/2014\/01\/IMG_1164-150x150.jpg\" class=\"attachment-thumbnail size-thumbnail\" alt=\"\" \/><\/a>\n\t\t\t<\/div><\/figure><figure class='gallery-item'>\n\t\t\t<div class='gallery-icon landscape'>\n\t\t\t\t<a href='http:\/\/www.pferdefreunde-sv-starkenberg.de\/?attachment_id=2136'><img loading=\"lazy\" decoding=\"async\" width=\"150\" height=\"150\" src=\"http:\/\/www.pferdefreunde-sv-starkenberg.de\/wp-content\/uploads\/2014\/01\/IMG_1165-150x150.jpg\" class=\"attachment-thumbnail size-thumbnail\" alt=\"\" \/><\/a>\n\t\t\t<\/div><\/figure><figure class='gallery-item'>\n\t\t\t<div class='gallery-icon landscape'>\n\t\t\t\t<a href='http:\/\/www.pferdefreunde-sv-starkenberg.de\/?attachment_id=2137'><img loading=\"lazy\" decoding=\"async\" width=\"150\" height=\"150\" src=\"http:\/\/www.pferdefreunde-sv-starkenberg.de\/wp-content\/uploads\/2014\/01\/IMG_1166-150x150.jpg\" class=\"attachment-thumbnail size-thumbnail\" alt=\"\" \/><\/a>\n\t\t\t<\/div><\/figure><figure class='gallery-item'>\n\t\t\t<div class='gallery-icon portrait'>\n\t\t\t\t<a href='http:\/\/www.pferdefreunde-sv-starkenberg.de\/?attachment_id=2138'><img loading=\"lazy\" decoding=\"async\" width=\"150\" height=\"150\" src=\"http:\/\/www.pferdefreunde-sv-starkenberg.de\/wp-content\/uploads\/2014\/01\/IMG_1167-150x150.jpg\" class=\"attachment-thumbnail size-thumbnail\" alt=\"\" \/><\/a>\n\t\t\t<\/div><\/figure><figure class='gallery-item'>\n\t\t\t<div class='gallery-icon landscape'>\n\t\t\t\t<a href='http:\/\/www.pferdefreunde-sv-starkenberg.de\/?attachment_id=2139'><img loading=\"lazy\" decoding=\"async\" width=\"150\" height=\"150\" src=\"http:\/\/www.pferdefreunde-sv-starkenberg.de\/wp-content\/uploads\/2014\/01\/IMG_1168-150x150.jpg\" class=\"attachment-thumbnail size-thumbnail\" alt=\"\" \/><\/a>\n\t\t\t<\/div><\/figure>\n\t\t<\/div>\n\n","protected":false},"excerpt":{"rendered":"","protected":false},"author":1,"featured_media":0,"parent":63,"menu_order":0,"comment_status":"closed","ping_status":"closed","template":"","meta":{"footnotes":""},"class_list":["post-2141","page","type-page","status-publish","hentry"],"_links":{"self":[{"href":"http:\/\/www.pferdefreunde-sv-starkenberg.de\/index.php?rest_route=\/wp\/v2\/pages\/2141","targetHints":{"allow":["GET"]}}],"collection":[{"href":"http:\/\/www.pferdefreunde-sv-starkenberg.de\/index.php?rest_route=\/wp\/v2\/pages"}],"about":[{"href":"http:\/\/www.pferdefreunde-sv-starkenberg.de\/index.php?rest_route=\/wp\/v2\/types\/page"}],"author":[{"embeddable":true,"href":"http:\/\/www.pferdefreunde-sv-starkenberg.de\/index.php?rest_route=\/wp\/v2\/users\/1"}],"replies":[{"embeddable":true,"href":"http:\/\/www.pferdefreunde-sv-starkenberg.de\/index.php?rest_route=%2Fwp%2Fv2%2Fcomments&post=2141"}],"version-history":[{"count":2,"href":"http:\/\/www.pferdefreunde-sv-starkenberg.de\/index.php?rest_route=\/wp\/v2\/pages\/2141\/revisions"}],"predecessor-version":[{"id":2377,"href":"http:\/\/www.pferdefreunde-sv-starkenberg.de\/index.php?rest_route=\/wp\/v2\/pages\/2141\/revisions\/2377"}],"up":[{"embeddable":true,"href":"http:\/\/www.pferdefreunde-sv-starkenberg.de\/index.php?rest_route=\/wp\/v2\/pages\/63"}],"wp:attachment":[{"href":"http:\/\/www.pferdefreunde-sv-starkenberg.de\/index.php?rest_route=%2Fwp%2Fv2%2Fmedia&parent=2141"}],"curies":[{"name":"wp","href":"https:\/\/api.w.org\/{rel}","templated":true}]}}