{"id":232,"date":"2013-03-16T23:13:06","date_gmt":"2013-03-16T22:13:06","guid":{"rendered":"http:\/\/www.pferdefreunde-sv-starkenberg.de\/?page_id=232"},"modified":"2017-10-02T21:17:49","modified_gmt":"2017-10-02T20:17:49","slug":"springreiten","status":"publish","type":"page","link":"http:\/\/www.pferdefreunde-sv-starkenberg.de\/?page_id=232","title":{"rendered":"Bilder 2011 &#8211; Springreiten"},"content":{"rendered":"<address>\u00a0<\/address>\n<p>&nbsp;<\/p>\n<p>&nbsp;<\/p>\n<p>bis 2011: Turniere im Springreiten<\/p>\n<p><a title=\"Bild 08\" href=\"http:\/\/www.starkenberg.info\/_WP\/wp-content\/uploads\/2012\/11\/Bild-08.jpg\" rel=\"same-post-2290\" rel=\"lightbox[232]\"><img loading=\"lazy\" decoding=\"async\" title=\"Hanne\" src=\"http:\/\/www.starkenberg.info\/_WP\/wp-content\/uploads\/2012\/11\/Bild-08-100x74.jpg\" alt=\"\" width=\"100\" height=\"74\" \/><\/a>Das ist die Hanne\u2026 genau gesagt Handfeste. Sie geh\u00f6rte Barbara Karte und wurde bis 2011 von Christina Gentsch aktiv auf Springturnieren geritten. Die beiden r\u00e4umten viele Preise ab.<br \/>\nChristina sprang mit Hanne bis Leistungsklasse L\u2026. oder war es Hanne mit Christina? \ud83d\ude09 Egal wie man das sieht, beide konnten in diesem Sport viele Erfolge verzeichnen!<br \/>\nDiese Leistungsklasse L beinhaltet Spr\u00fcnge mit einer H\u00f6he und Tiefe von bis 1,20m \u2013 eine beachtliche Leistung!<br \/>\n<a title=\"Bild 10\" href=\"http:\/\/www.starkenberg.info\/_WP\/wp-content\/uploads\/2012\/11\/Bild-10.jpg\" rel=\"same-post-2290\" rel=\"lightbox[232]\"><img loading=\"lazy\" decoding=\"async\" title=\"Hanne\" src=\"http:\/\/www.starkenberg.info\/_WP\/wp-content\/uploads\/2012\/11\/Bild-10-100x66.jpg\" alt=\"\" width=\"100\" height=\"66\" \/><\/a>Aufgrund des Pferdealters von Hanne wurde sie aus dem aktiven Turniersport genommen. Doch war jedoch\u00a0kein Alter f\u00fcr unsere Hanne, sie hatte nach wie vor ausreichend Feuer und Power.<br \/>\nSie genoss bis 2016 das entspannte Koppelleben mit ihren Kumpels und wurde freizeitm\u00e4\u00dfig ins Gel\u00e4nde geritten. Sie war das Energieb\u00fcndel Nr. 1 und jeder kleine Sprung machte ihr auch nach wie vor jede Menge Spa\u00df!<br \/>\nBei Christina und Hanne m\u00f6chten wir an dieser Stelle\u00a0<strong>\u201eDANKE\u201c<\/strong>\u00a0sagen f\u00fcr die vielen tollen Erfolge, die im Namen des SV Starkenberg erzielt worden sind!<\/p>\n<p>Im August 2016 mussten wir dieses schmucke St\u00fctchen \u00fcber die Regenbogenbr\u00fccke gehen lassen, sie erlag einer schweren Kolik.<\/p>\n<p><a title=\"Bild 09\" href=\"http:\/\/www.starkenberg.info\/_WP\/wp-content\/uploads\/2012\/11\/Bild-09.jpg\" rel=\"same-post-2290\" rel=\"lightbox[232]\"><img loading=\"lazy\" decoding=\"async\" title=\"Hanne beim Longieren\" src=\"http:\/\/www.starkenberg.info\/_WP\/wp-content\/uploads\/2012\/11\/Bild-09-100x74.jpg\" alt=\"\" width=\"100\" height=\"74\" \/><\/a>\u00a0\u00a0\u00a0<a title=\"Bild 11\" href=\"http:\/\/www.starkenberg.info\/_WP\/wp-content\/uploads\/2012\/11\/Bild-11.jpg\" rel=\"same-post-2290\" rel=\"lightbox[232]\"><img loading=\"lazy\" decoding=\"async\" title=\"Badespa\u00df!\" src=\"http:\/\/www.starkenberg.info\/_WP\/wp-content\/uploads\/2012\/11\/Bild-11-100x66.jpg\" alt=\"\" width=\"100\" height=\"66\" \/><\/a>\u00a0\u00a0\u00a0<a title=\"Bild 07\" href=\"http:\/\/www.starkenberg.info\/_WP\/wp-content\/uploads\/2012\/11\/Bild-07.jpg\" rel=\"same-post-2290\" rel=\"lightbox[232]\"><img loading=\"lazy\" decoding=\"async\" title=\"Hanne\" src=\"http:\/\/www.starkenberg.info\/_WP\/wp-content\/uploads\/2012\/11\/Bild-07-100x74.jpg\" alt=\"\" width=\"100\" height=\"74\" \/><\/a><\/p>\n","protected":false},"excerpt":{"rendered":"<p>\u00a0 &nbsp; &nbsp; bis 2011: Turniere im Springreiten Das ist die Hanne\u2026 genau gesagt Handfeste. Sie geh\u00f6rte Barbara Karte und&#8230;<\/p>\n","protected":false},"author":1,"featured_media":0,"parent":63,"menu_order":0,"comment_status":"closed","ping_status":"closed","template":"","meta":{"footnotes":""},"class_list":["post-232","page","type-page","status-publish","hentry"],"_links":{"self":[{"href":"http:\/\/www.pferdefreunde-sv-starkenberg.de\/index.php?rest_route=\/wp\/v2\/pages\/232","targetHints":{"allow":["GET"]}}],"collection":[{"href":"http:\/\/www.pferdefreunde-sv-starkenberg.de\/index.php?rest_route=\/wp\/v2\/pages"}],"about":[{"href":"http:\/\/www.pferdefreunde-sv-starkenberg.de\/index.php?rest_route=\/wp\/v2\/types\/page"}],"author":[{"embeddable":true,"href":"http:\/\/www.pferdefreunde-sv-starkenberg.de\/index.php?rest_route=\/wp\/v2\/users\/1"}],"replies":[{"embeddable":true,"href":"http:\/\/www.pferdefreunde-sv-starkenberg.de\/index.php?rest_route=%2Fwp%2Fv2%2Fcomments&post=232"}],"version-history":[{"count":6,"href":"http:\/\/www.pferdefreunde-sv-starkenberg.de\/index.php?rest_route=\/wp\/v2\/pages\/232\/revisions"}],"predecessor-version":[{"id":7675,"href":"http:\/\/www.pferdefreunde-sv-starkenberg.de\/index.php?rest_route=\/wp\/v2\/pages\/232\/revisions\/7675"}],"up":[{"embeddable":true,"href":"http:\/\/www.pferdefreunde-sv-starkenberg.de\/index.php?rest_route=\/wp\/v2\/pages\/63"}],"wp:attachment":[{"href":"http:\/\/www.pferdefreunde-sv-starkenberg.de\/index.php?rest_route=%2Fwp%2Fv2%2Fmedia&parent=232"}],"curies":[{"name":"wp","href":"https:\/\/api.w.org\/{rel}","templated":true}]}}