{"id":236,"date":"2013-03-16T23:14:41","date_gmt":"2013-03-16T22:14:41","guid":{"rendered":"http:\/\/www.pferdefreunde-sv-starkenberg.de\/?page_id=236"},"modified":"2014-04-14T20:07:06","modified_gmt":"2014-04-14T19:07:06","slug":"voltigieren-bis-2009","status":"publish","type":"page","link":"http:\/\/www.pferdefreunde-sv-starkenberg.de\/?page_id=236","title":{"rendered":"Bilder 2009 &#8211; Voltigieren bis 2009"},"content":{"rendered":"<p>Bis 2009 wurde aktiv eine Voltigiergruppe betreut.<\/p>\n<p>Christina und Kornelia Gentsch, Stefanie Hoppe und Juliane Heller haben sich dabei viele Jahre engagiert um den sportlichen Nachwuchs gek\u00fcmmert. F\u00fcr diese jahrelange Arbeit im Vereinsleben und die f\u00fcrsorgliche Betreuung der interessierten Voltigier-Kinder bedanken wir uns an dieser Stelle recht herzlich. Es wurde viel trainiert und ge\u00fcbt, man nahm an Wettk\u00e4mpfen teil, Holzpferdeturniere wurde besucht.<\/p>\n<p>Aufgrund ihres Alters wurden die treuen Voltigierpferde Juwel und Durex dann in ihren wohlverdienten Ruhestand geschickt. \u00a0Auch bei den vierbeinigen Sportlern muss man mal\u00a0<strong>\u201eDANKE\u201c<\/strong>\u00a0sagen f\u00fcr die jahrelangen zuverl\u00e4ssigen Dienste.<\/p>\n<p><a title=\"Bild 02\" href=\"http:\/\/www.starkenberg.info\/_WP\/wp-content\/uploads\/2012\/11\/Bild-02.jpg\" rel=\"same-post-2290\" rel=\"lightbox[236]\"><img loading=\"lazy\" decoding=\"async\" title=\"Juwel und Durex bei der Arbeit\" alt=\"\" src=\"http:\/\/www.starkenberg.info\/_WP\/wp-content\/uploads\/2012\/11\/Bild-02-100x56.jpg\" width=\"100\" height=\"56\" \/><\/a><\/p>\n<p><a title=\"Bild 06\" href=\"http:\/\/www.starkenberg.info\/_WP\/wp-content\/uploads\/2012\/11\/Bild-06.jpg\" rel=\"same-post-2290\" rel=\"lightbox[236]\"><img loading=\"lazy\" decoding=\"async\" title=\"Juwel und Durex\" alt=\"\" src=\"http:\/\/www.starkenberg.info\/_WP\/wp-content\/uploads\/2012\/11\/Bild-06-100x66.jpg\" width=\"100\" height=\"66\" \/><\/a><a title=\"Bild 05\" href=\"http:\/\/www.starkenberg.info\/_WP\/wp-content\/uploads\/2012\/11\/Bild-05.jpg\" rel=\"same-post-2290\" rel=\"lightbox[236]\"><img loading=\"lazy\" decoding=\"async\" title=\"die Herde\" alt=\"\" src=\"http:\/\/www.starkenberg.info\/_WP\/wp-content\/uploads\/2012\/11\/Bild-05-100x75.jpg\" width=\"100\" height=\"75\" \/><\/a><a title=\"Bild 03\" href=\"http:\/\/www.starkenberg.info\/_WP\/wp-content\/uploads\/2012\/11\/Bild-03.jpg\" rel=\"same-post-2290\" rel=\"lightbox[236]\"><img loading=\"lazy\" decoding=\"async\" title=\"Durex und Juwel\" alt=\"\" src=\"http:\/\/www.starkenberg.info\/_WP\/wp-content\/uploads\/2012\/11\/Bild-03-100x70.jpg\" width=\"100\" height=\"70\" \/><\/a><a title=\"Bild 04\" href=\"http:\/\/www.starkenberg.info\/_WP\/wp-content\/uploads\/2012\/11\/Bild-04.jpg\" rel=\"same-post-2290\" rel=\"lightbox[236]\"><img loading=\"lazy\" decoding=\"async\" title=\"entspanntes Koppelleben\" alt=\"\" src=\"http:\/\/www.starkenberg.info\/_WP\/wp-content\/uploads\/2012\/11\/Bild-04-100x74.jpg\" width=\"100\" height=\"74\" \/><\/a><\/p>\n<p>Beide genossen nach der sportlichen Karriere ausgiebig das Pferdeleben auf den Koppeln des Hofes. Durex tobt nach wie vor oft vergn\u00fcgt mit seinen Kumpels herum, von Juwel mussten wir Ende 2012 \u00a0leider \u00a0Abschied nehmen.<\/p>\n","protected":false},"excerpt":{"rendered":"<p>Bis 2009 wurde aktiv eine Voltigiergruppe betreut. Christina und Kornelia Gentsch, Stefanie Hoppe und Juliane Heller haben sich dabei viele&#8230;<\/p>\n","protected":false},"author":1,"featured_media":0,"parent":63,"menu_order":0,"comment_status":"closed","ping_status":"closed","template":"","meta":{"footnotes":""},"class_list":["post-236","page","type-page","status-publish","hentry"],"_links":{"self":[{"href":"http:\/\/www.pferdefreunde-sv-starkenberg.de\/index.php?rest_route=\/wp\/v2\/pages\/236","targetHints":{"allow":["GET"]}}],"collection":[{"href":"http:\/\/www.pferdefreunde-sv-starkenberg.de\/index.php?rest_route=\/wp\/v2\/pages"}],"about":[{"href":"http:\/\/www.pferdefreunde-sv-starkenberg.de\/index.php?rest_route=\/wp\/v2\/types\/page"}],"author":[{"embeddable":true,"href":"http:\/\/www.pferdefreunde-sv-starkenberg.de\/index.php?rest_route=\/wp\/v2\/users\/1"}],"replies":[{"embeddable":true,"href":"http:\/\/www.pferdefreunde-sv-starkenberg.de\/index.php?rest_route=%2Fwp%2Fv2%2Fcomments&post=236"}],"version-history":[{"count":4,"href":"http:\/\/www.pferdefreunde-sv-starkenberg.de\/index.php?rest_route=\/wp\/v2\/pages\/236\/revisions"}],"predecessor-version":[{"id":2676,"href":"http:\/\/www.pferdefreunde-sv-starkenberg.de\/index.php?rest_route=\/wp\/v2\/pages\/236\/revisions\/2676"}],"up":[{"embeddable":true,"href":"http:\/\/www.pferdefreunde-sv-starkenberg.de\/index.php?rest_route=\/wp\/v2\/pages\/63"}],"wp:attachment":[{"href":"http:\/\/www.pferdefreunde-sv-starkenberg.de\/index.php?rest_route=%2Fwp%2Fv2%2Fmedia&parent=236"}],"curies":[{"name":"wp","href":"https:\/\/api.w.org\/{rel}","templated":true}]}}