{"id":2778,"date":"2014-04-14T20:42:00","date_gmt":"2014-04-14T19:42:00","guid":{"rendered":"http:\/\/www.pferdefreunde-sv-starkenberg.de\/?page_id=2778"},"modified":"2014-04-14T20:45:41","modified_gmt":"2014-04-14T19:45:41","slug":"bilder-2014-09-03-wir-ueben-das-friendly-game-und-vieles-mehr","status":"publish","type":"page","link":"http:\/\/www.pferdefreunde-sv-starkenberg.de\/?page_id=2778","title":{"rendered":"Bilder 2014 &#8211; 09.03. wir \u00fcben das friendly game und vieles mehr"},"content":{"rendered":"<p>Heute hie\u00df es, Biene und Dari putzen und dann \u00fcbten wir das Knotenhalfter korrekt anzulegen. Die Kinder konnten dies am kleinen bunten Modell Biene ganz entspannt allein machen. Danach durften sie mit Stick und Seil das friendly game \u00fcben. Es bedarf schon etwas Fingerspitzengef\u00fchl den Stick ganz sanft auf dem Pferdek\u00f6rper aufzulegen&#8230;. dies konnten alle feststellen.<\/p>\n<p>Elisa war wieder mit Kenzo mit bei uns in Starkenberg. Alle Kinder durften sich dann noch einmal auf Kenzo setzen und wurden gef\u00fchrt.<\/p>\n<div id='gallery-1' class='gallery galleryid-2778 gallery-columns-3 gallery-size-thumbnail'><figure class='gallery-item'>\n\t\t\t<div class='gallery-icon landscape'>\n\t\t\t\t<a href='http:\/\/www.pferdefreunde-sv-starkenberg.de\/?attachment_id=2779'><img loading=\"lazy\" decoding=\"async\" width=\"150\" height=\"150\" src=\"http:\/\/www.pferdefreunde-sv-starkenberg.de\/wp-content\/uploads\/2014\/04\/IMG_3952-FILE-150x150.jpg\" class=\"attachment-thumbnail size-thumbnail\" alt=\"\" \/><\/a>\n\t\t\t<\/div><\/figure><figure class='gallery-item'>\n\t\t\t<div class='gallery-icon landscape'>\n\t\t\t\t<a href='http:\/\/www.pferdefreunde-sv-starkenberg.de\/?attachment_id=2780'><img loading=\"lazy\" decoding=\"async\" width=\"150\" height=\"150\" src=\"http:\/\/www.pferdefreunde-sv-starkenberg.de\/wp-content\/uploads\/2014\/04\/IMG_3954-FILE-150x150.jpg\" class=\"attachment-thumbnail size-thumbnail\" alt=\"\" \/><\/a>\n\t\t\t<\/div><\/figure><figure class='gallery-item'>\n\t\t\t<div class='gallery-icon landscape'>\n\t\t\t\t<a href='http:\/\/www.pferdefreunde-sv-starkenberg.de\/?attachment_id=2781'><img loading=\"lazy\" decoding=\"async\" width=\"150\" height=\"150\" src=\"http:\/\/www.pferdefreunde-sv-starkenberg.de\/wp-content\/uploads\/2014\/04\/IMG_3955-FILE-150x150.jpg\" class=\"attachment-thumbnail size-thumbnail\" alt=\"\" \/><\/a>\n\t\t\t<\/div><\/figure><figure class='gallery-item'>\n\t\t\t<div class='gallery-icon landscape'>\n\t\t\t\t<a href='http:\/\/www.pferdefreunde-sv-starkenberg.de\/?attachment_id=2782'><img loading=\"lazy\" decoding=\"async\" width=\"150\" height=\"150\" src=\"http:\/\/www.pferdefreunde-sv-starkenberg.de\/wp-content\/uploads\/2014\/04\/IMG_3956-FILE-150x150.jpg\" class=\"attachment-thumbnail size-thumbnail\" alt=\"\" \/><\/a>\n\t\t\t<\/div><\/figure><figure class='gallery-item'>\n\t\t\t<div class='gallery-icon landscape'>\n\t\t\t\t<a href='http:\/\/www.pferdefreunde-sv-starkenberg.de\/?attachment_id=2783'><img loading=\"lazy\" decoding=\"async\" width=\"150\" height=\"150\" src=\"http:\/\/www.pferdefreunde-sv-starkenberg.de\/wp-content\/uploads\/2014\/04\/IMG_3957-FILE-150x150.jpg\" class=\"attachment-thumbnail size-thumbnail\" alt=\"\" \/><\/a>\n\t\t\t<\/div><\/figure><figure class='gallery-item'>\n\t\t\t<div class='gallery-icon portrait'>\n\t\t\t\t<a href='http:\/\/www.pferdefreunde-sv-starkenberg.de\/?attachment_id=2784'><img loading=\"lazy\" decoding=\"async\" width=\"150\" height=\"150\" src=\"http:\/\/www.pferdefreunde-sv-starkenberg.de\/wp-content\/uploads\/2014\/04\/IMG_3958-FILE-e1397504982985-150x150.jpg\" class=\"attachment-thumbnail size-thumbnail\" alt=\"\" \/><\/a>\n\t\t\t<\/div><\/figure><figure class='gallery-item'>\n\t\t\t<div class='gallery-icon landscape'>\n\t\t\t\t<a href='http:\/\/www.pferdefreunde-sv-starkenberg.de\/?attachment_id=2785'><img loading=\"lazy\" decoding=\"async\" width=\"150\" height=\"150\" src=\"http:\/\/www.pferdefreunde-sv-starkenberg.de\/wp-content\/uploads\/2014\/04\/IMG_3959-FILE-150x150.jpg\" class=\"attachment-thumbnail size-thumbnail\" alt=\"\" \/><\/a>\n\t\t\t<\/div><\/figure><figure class='gallery-item'>\n\t\t\t<div class='gallery-icon landscape'>\n\t\t\t\t<a href='http:\/\/www.pferdefreunde-sv-starkenberg.de\/?attachment_id=2786'><img loading=\"lazy\" decoding=\"async\" width=\"150\" height=\"150\" src=\"http:\/\/www.pferdefreunde-sv-starkenberg.de\/wp-content\/uploads\/2014\/04\/IMG_3960-FILE-150x150.jpg\" class=\"attachment-thumbnail size-thumbnail\" alt=\"\" \/><\/a>\n\t\t\t<\/div><\/figure><figure class='gallery-item'>\n\t\t\t<div class='gallery-icon landscape'>\n\t\t\t\t<a href='http:\/\/www.pferdefreunde-sv-starkenberg.de\/?attachment_id=2787'><img loading=\"lazy\" decoding=\"async\" width=\"150\" height=\"150\" src=\"http:\/\/www.pferdefreunde-sv-starkenberg.de\/wp-content\/uploads\/2014\/04\/IMG_3961-FILE-150x150.jpg\" class=\"attachment-thumbnail size-thumbnail\" alt=\"\" \/><\/a>\n\t\t\t<\/div><\/figure><figure class='gallery-item'>\n\t\t\t<div class='gallery-icon landscape'>\n\t\t\t\t<a href='http:\/\/www.pferdefreunde-sv-starkenberg.de\/?attachment_id=2788'><img loading=\"lazy\" decoding=\"async\" width=\"150\" height=\"150\" src=\"http:\/\/www.pferdefreunde-sv-starkenberg.de\/wp-content\/uploads\/2014\/04\/IMG_3962-FILE-150x150.jpg\" class=\"attachment-thumbnail size-thumbnail\" alt=\"\" \/><\/a>\n\t\t\t<\/div><\/figure><figure class='gallery-item'>\n\t\t\t<div class='gallery-icon landscape'>\n\t\t\t\t<a href='http:\/\/www.pferdefreunde-sv-starkenberg.de\/?attachment_id=2789'><img loading=\"lazy\" decoding=\"async\" width=\"150\" height=\"150\" src=\"http:\/\/www.pferdefreunde-sv-starkenberg.de\/wp-content\/uploads\/2014\/04\/IMG_3963-FILE-150x150.jpg\" class=\"attachment-thumbnail size-thumbnail\" alt=\"\" \/><\/a>\n\t\t\t<\/div><\/figure><figure class='gallery-item'>\n\t\t\t<div class='gallery-icon landscape'>\n\t\t\t\t<a href='http:\/\/www.pferdefreunde-sv-starkenberg.de\/?attachment_id=2790'><img loading=\"lazy\" decoding=\"async\" width=\"150\" height=\"150\" src=\"http:\/\/www.pferdefreunde-sv-starkenberg.de\/wp-content\/uploads\/2014\/04\/IMG_3964-FILE-150x150.jpg\" class=\"attachment-thumbnail size-thumbnail\" alt=\"\" \/><\/a>\n\t\t\t<\/div><\/figure><figure class='gallery-item'>\n\t\t\t<div class='gallery-icon landscape'>\n\t\t\t\t<a href='http:\/\/www.pferdefreunde-sv-starkenberg.de\/?attachment_id=2791'><img loading=\"lazy\" decoding=\"async\" width=\"150\" height=\"150\" src=\"http:\/\/www.pferdefreunde-sv-starkenberg.de\/wp-content\/uploads\/2014\/04\/IMG_3965-FILE-150x150.jpg\" class=\"attachment-thumbnail size-thumbnail\" alt=\"\" \/><\/a>\n\t\t\t<\/div><\/figure><figure class='gallery-item'>\n\t\t\t<div class='gallery-icon landscape'>\n\t\t\t\t<a href='http:\/\/www.pferdefreunde-sv-starkenberg.de\/?attachment_id=2792'><img loading=\"lazy\" decoding=\"async\" width=\"150\" height=\"150\" src=\"http:\/\/www.pferdefreunde-sv-starkenberg.de\/wp-content\/uploads\/2014\/04\/IMG_3966-FILE-150x150.jpg\" class=\"attachment-thumbnail size-thumbnail\" alt=\"\" \/><\/a>\n\t\t\t<\/div><\/figure><figure class='gallery-item'>\n\t\t\t<div class='gallery-icon landscape'>\n\t\t\t\t<a href='http:\/\/www.pferdefreunde-sv-starkenberg.de\/?attachment_id=2793'><img loading=\"lazy\" decoding=\"async\" width=\"150\" height=\"150\" src=\"http:\/\/www.pferdefreunde-sv-starkenberg.de\/wp-content\/uploads\/2014\/04\/IMG_3967-FILE-150x150.jpg\" class=\"attachment-thumbnail size-thumbnail\" alt=\"\" \/><\/a>\n\t\t\t<\/div><\/figure><figure class='gallery-item'>\n\t\t\t<div class='gallery-icon landscape'>\n\t\t\t\t<a href='http:\/\/www.pferdefreunde-sv-starkenberg.de\/?attachment_id=2794'><img loading=\"lazy\" decoding=\"async\" width=\"150\" height=\"150\" src=\"http:\/\/www.pferdefreunde-sv-starkenberg.de\/wp-content\/uploads\/2014\/04\/IMG_3968-FILE-150x150.jpg\" class=\"attachment-thumbnail size-thumbnail\" alt=\"\" \/><\/a>\n\t\t\t<\/div><\/figure><figure class='gallery-item'>\n\t\t\t<div class='gallery-icon portrait'>\n\t\t\t\t<a href='http:\/\/www.pferdefreunde-sv-starkenberg.de\/?attachment_id=2795'><img loading=\"lazy\" decoding=\"async\" width=\"150\" height=\"150\" src=\"http:\/\/www.pferdefreunde-sv-starkenberg.de\/wp-content\/uploads\/2014\/04\/IMG_3969-FILE-e1397504945324-150x150.jpg\" class=\"attachment-thumbnail size-thumbnail\" alt=\"\" \/><\/a>\n\t\t\t<\/div><\/figure><figure class='gallery-item'>\n\t\t\t<div class='gallery-icon landscape'>\n\t\t\t\t<a href='http:\/\/www.pferdefreunde-sv-starkenberg.de\/?attachment_id=2796'><img loading=\"lazy\" decoding=\"async\" width=\"150\" height=\"150\" src=\"http:\/\/www.pferdefreunde-sv-starkenberg.de\/wp-content\/uploads\/2014\/04\/IMG_3970-FILE-150x150.jpg\" class=\"attachment-thumbnail size-thumbnail\" alt=\"\" \/><\/a>\n\t\t\t<\/div><\/figure><figure class='gallery-item'>\n\t\t\t<div class='gallery-icon landscape'>\n\t\t\t\t<a href='http:\/\/www.pferdefreunde-sv-starkenberg.de\/?attachment_id=2797'><img loading=\"lazy\" decoding=\"async\" width=\"150\" height=\"150\" src=\"http:\/\/www.pferdefreunde-sv-starkenberg.de\/wp-content\/uploads\/2014\/04\/IMG_3971-FILE-150x150.jpg\" class=\"attachment-thumbnail size-thumbnail\" alt=\"\" \/><\/a>\n\t\t\t<\/div><\/figure><figure class='gallery-item'>\n\t\t\t<div class='gallery-icon landscape'>\n\t\t\t\t<a href='http:\/\/www.pferdefreunde-sv-starkenberg.de\/?attachment_id=2798'><img loading=\"lazy\" decoding=\"async\" width=\"150\" height=\"150\" src=\"http:\/\/www.pferdefreunde-sv-starkenberg.de\/wp-content\/uploads\/2014\/04\/IMG_3972-FILE-150x150.jpg\" class=\"attachment-thumbnail size-thumbnail\" alt=\"\" \/><\/a>\n\t\t\t<\/div><\/figure><figure class='gallery-item'>\n\t\t\t<div class='gallery-icon landscape'>\n\t\t\t\t<a href='http:\/\/www.pferdefreunde-sv-starkenberg.de\/?attachment_id=2799'><img loading=\"lazy\" decoding=\"async\" width=\"150\" height=\"150\" src=\"http:\/\/www.pferdefreunde-sv-starkenberg.de\/wp-content\/uploads\/2014\/04\/IMG_3973-FILE-150x150.jpg\" class=\"attachment-thumbnail size-thumbnail\" alt=\"\" \/><\/a>\n\t\t\t<\/div><\/figure><figure class='gallery-item'>\n\t\t\t<div class='gallery-icon landscape'>\n\t\t\t\t<a href='http:\/\/www.pferdefreunde-sv-starkenberg.de\/?attachment_id=2800'><img loading=\"lazy\" decoding=\"async\" width=\"150\" height=\"150\" src=\"http:\/\/www.pferdefreunde-sv-starkenberg.de\/wp-content\/uploads\/2014\/04\/IMG_3974-FILE-150x150.jpg\" class=\"attachment-thumbnail size-thumbnail\" alt=\"\" \/><\/a>\n\t\t\t<\/div><\/figure><figure class='gallery-item'>\n\t\t\t<div class='gallery-icon portrait'>\n\t\t\t\t<a href='http:\/\/www.pferdefreunde-sv-starkenberg.de\/?attachment_id=2801'><img loading=\"lazy\" decoding=\"async\" width=\"150\" height=\"150\" src=\"http:\/\/www.pferdefreunde-sv-starkenberg.de\/wp-content\/uploads\/2014\/04\/IMG_3975-FILE-e1397504906875-150x150.jpg\" class=\"attachment-thumbnail size-thumbnail\" alt=\"\" \/><\/a>\n\t\t\t<\/div><\/figure><figure class='gallery-item'>\n\t\t\t<div class='gallery-icon landscape'>\n\t\t\t\t<a href='http:\/\/www.pferdefreunde-sv-starkenberg.de\/?attachment_id=2802'><img loading=\"lazy\" decoding=\"async\" width=\"150\" height=\"150\" src=\"http:\/\/www.pferdefreunde-sv-starkenberg.de\/wp-content\/uploads\/2014\/04\/IMG_3976-FILE-150x150.jpg\" class=\"attachment-thumbnail size-thumbnail\" alt=\"\" \/><\/a>\n\t\t\t<\/div><\/figure><figure class='gallery-item'>\n\t\t\t<div class='gallery-icon landscape'>\n\t\t\t\t<a href='http:\/\/www.pferdefreunde-sv-starkenberg.de\/?attachment_id=2803'><img loading=\"lazy\" decoding=\"async\" width=\"150\" height=\"150\" src=\"http:\/\/www.pferdefreunde-sv-starkenberg.de\/wp-content\/uploads\/2014\/04\/IMG_3977-FILE-150x150.jpg\" class=\"attachment-thumbnail size-thumbnail\" alt=\"\" \/><\/a>\n\t\t\t<\/div><\/figure><figure class='gallery-item'>\n\t\t\t<div class='gallery-icon landscape'>\n\t\t\t\t<a href='http:\/\/www.pferdefreunde-sv-starkenberg.de\/?attachment_id=2804'><img loading=\"lazy\" decoding=\"async\" width=\"150\" height=\"150\" src=\"http:\/\/www.pferdefreunde-sv-starkenberg.de\/wp-content\/uploads\/2014\/04\/IMG_3978-FILE-150x150.jpg\" class=\"attachment-thumbnail size-thumbnail\" alt=\"\" \/><\/a>\n\t\t\t<\/div><\/figure><figure class='gallery-item'>\n\t\t\t<div class='gallery-icon portrait'>\n\t\t\t\t<a href='http:\/\/www.pferdefreunde-sv-starkenberg.de\/?attachment_id=2805'><img loading=\"lazy\" decoding=\"async\" width=\"150\" height=\"150\" src=\"http:\/\/www.pferdefreunde-sv-starkenberg.de\/wp-content\/uploads\/2014\/04\/IMG_3979-FILE-e1397504870894-150x150.jpg\" class=\"attachment-thumbnail size-thumbnail\" alt=\"\" \/><\/a>\n\t\t\t<\/div><\/figure><figure class='gallery-item'>\n\t\t\t<div class='gallery-icon landscape'>\n\t\t\t\t<a href='http:\/\/www.pferdefreunde-sv-starkenberg.de\/?attachment_id=2806'><img loading=\"lazy\" decoding=\"async\" width=\"150\" height=\"150\" src=\"http:\/\/www.pferdefreunde-sv-starkenberg.de\/wp-content\/uploads\/2014\/04\/IMG_3980-FILE-150x150.jpg\" class=\"attachment-thumbnail size-thumbnail\" alt=\"\" \/><\/a>\n\t\t\t<\/div><\/figure><figure class='gallery-item'>\n\t\t\t<div class='gallery-icon landscape'>\n\t\t\t\t<a href='http:\/\/www.pferdefreunde-sv-starkenberg.de\/?attachment_id=2807'><img loading=\"lazy\" decoding=\"async\" width=\"150\" height=\"150\" src=\"http:\/\/www.pferdefreunde-sv-starkenberg.de\/wp-content\/uploads\/2014\/04\/IMG_3981-FILE-150x150.jpg\" class=\"attachment-thumbnail size-thumbnail\" alt=\"\" \/><\/a>\n\t\t\t<\/div><\/figure>\n\t\t<\/div>\n\n","protected":false},"excerpt":{"rendered":"<p>Heute hie\u00df es, Biene und Dari putzen und dann \u00fcbten wir das Knotenhalfter korrekt anzulegen. Die Kinder konnten dies am&#8230;<\/p>\n","protected":false},"author":1,"featured_media":0,"parent":63,"menu_order":0,"comment_status":"closed","ping_status":"closed","template":"","meta":{"footnotes":""},"class_list":["post-2778","page","type-page","status-publish","hentry"],"_links":{"self":[{"href":"http:\/\/www.pferdefreunde-sv-starkenberg.de\/index.php?rest_route=\/wp\/v2\/pages\/2778","targetHints":{"allow":["GET"]}}],"collection":[{"href":"http:\/\/www.pferdefreunde-sv-starkenberg.de\/index.php?rest_route=\/wp\/v2\/pages"}],"about":[{"href":"http:\/\/www.pferdefreunde-sv-starkenberg.de\/index.php?rest_route=\/wp\/v2\/types\/page"}],"author":[{"embeddable":true,"href":"http:\/\/www.pferdefreunde-sv-starkenberg.de\/index.php?rest_route=\/wp\/v2\/users\/1"}],"replies":[{"embeddable":true,"href":"http:\/\/www.pferdefreunde-sv-starkenberg.de\/index.php?rest_route=%2Fwp%2Fv2%2Fcomments&post=2778"}],"version-history":[{"count":1,"href":"http:\/\/www.pferdefreunde-sv-starkenberg.de\/index.php?rest_route=\/wp\/v2\/pages\/2778\/revisions"}],"predecessor-version":[{"id":2808,"href":"http:\/\/www.pferdefreunde-sv-starkenberg.de\/index.php?rest_route=\/wp\/v2\/pages\/2778\/revisions\/2808"}],"up":[{"embeddable":true,"href":"http:\/\/www.pferdefreunde-sv-starkenberg.de\/index.php?rest_route=\/wp\/v2\/pages\/63"}],"wp:attachment":[{"href":"http:\/\/www.pferdefreunde-sv-starkenberg.de\/index.php?rest_route=%2Fwp%2Fv2%2Fmedia&parent=2778"}],"curies":[{"name":"wp","href":"https:\/\/api.w.org\/{rel}","templated":true}]}}