{"id":3462,"date":"2014-05-29T21:03:20","date_gmt":"2014-05-29T20:03:20","guid":{"rendered":"http:\/\/www.pferdefreunde-sv-starkenberg.de\/?page_id=3462"},"modified":"2014-09-15T22:22:30","modified_gmt":"2014-09-15T21:22:30","slug":"bilder-2014-verladetraining","status":"publish","type":"page","link":"http:\/\/www.pferdefreunde-sv-starkenberg.de\/?page_id=3462","title":{"rendered":"Bilder 2014 &#8211; Verladetraining"},"content":{"rendered":"<p>Jeden letzten Sonntag im Monat haben wir es uns zum Ziel gesetzt, das Verladen mit unseren Vierbeinern zu \u00fcben.<\/p>\n<h4><strong>Verladetraining: Pferde stressfrei verladen \u2013 Grundsatz der Freiwilligkeit \u2013 Verladen mit Natural Horsemanship<\/strong><\/h4>\n<address><a href=\"http:\/\/www.pferdefreunde-sv-starkenberg.de\/wp-content\/uploads\/2013\/03\/1505193_680215558705897_469680030_n.jpg\" rel=\"gallery-267\" rel=\"lightbox[3462]\"><img loading=\"lazy\" decoding=\"async\" src=\"http:\/\/www.pferdefreunde-sv-starkenberg.de\/wp-content\/uploads\/2013\/03\/1505193_680215558705897_469680030_n-244x300.jpg\" alt=\"1505193_680215558705897_469680030_n\" width=\"156\" height=\"192\" \/><\/a> <a href=\"http:\/\/www.pferdefreunde-sv-starkenberg.de\/wp-content\/uploads\/2013\/03\/1622674_680215578705895_1087084479_n.jpg\" rel=\"gallery-267\" rel=\"lightbox[3462]\"><img loading=\"lazy\" decoding=\"async\" src=\"http:\/\/www.pferdefreunde-sv-starkenberg.de\/wp-content\/uploads\/2013\/03\/1622674_680215578705895_1087084479_n-264x300.jpg\" alt=\"1622674_680215578705895_1087084479_n\" width=\"169\" height=\"192\" \/><\/a> <a href=\"http:\/\/www.pferdefreunde-sv-starkenberg.de\/wp-content\/uploads\/2013\/03\/10171202_680214158706037_293358975_n.jpg\" rel=\"gallery-267\" rel=\"lightbox[3462]\"><img loading=\"lazy\" decoding=\"async\" src=\"http:\/\/www.pferdefreunde-sv-starkenberg.de\/wp-content\/uploads\/2013\/03\/10171202_680214158706037_293358975_n-225x300.jpg\" alt=\"10171202_680214158706037_293358975_n\" width=\"144\" height=\"192\" \/><\/a><\/address>\n<address>Es hei\u00dft nicht umsonst <b>Verladetraining<\/b>, denn wenn ihr mit dem Verladen Probleme habt m\u00fcsst ihr es trainieren und zwar nicht erst an dem Tag an dem ihr verreisen wollt. Ein Marathonl\u00e4ufer trainiert schlie\u00dflich auch nicht erst bei einem Lauf um die Weltmeisterschaft.<\/address>\n<address>\u00a0<\/address>\n<address>Hier entlang zu den Fotos:<\/address>\n<address><a title=\"Verladetraining 2014 \u2013 27.04.\" href=\"http:\/\/www.pferdefreunde-sv-starkenberg.de\/?page_id=3465\">27.04.2014<\/a><\/address>\n<address>25.05.2014<\/address>\n<address><a title=\"Verladetraining 2014 \u2013 27.07.\" href=\"http:\/\/www.pferdefreunde-sv-starkenberg.de\/?page_id=5196\">27.07.2014<\/a><\/address>\n","protected":false},"excerpt":{"rendered":"<p>Jeden letzten Sonntag im Monat haben wir es uns zum Ziel gesetzt, das Verladen mit unseren Vierbeinern zu \u00fcben. Verladetraining:&#8230;<\/p>\n","protected":false},"author":1,"featured_media":0,"parent":63,"menu_order":0,"comment_status":"closed","ping_status":"closed","template":"","meta":{"footnotes":""},"class_list":["post-3462","page","type-page","status-publish","hentry"],"_links":{"self":[{"href":"http:\/\/www.pferdefreunde-sv-starkenberg.de\/index.php?rest_route=\/wp\/v2\/pages\/3462","targetHints":{"allow":["GET"]}}],"collection":[{"href":"http:\/\/www.pferdefreunde-sv-starkenberg.de\/index.php?rest_route=\/wp\/v2\/pages"}],"about":[{"href":"http:\/\/www.pferdefreunde-sv-starkenberg.de\/index.php?rest_route=\/wp\/v2\/types\/page"}],"author":[{"embeddable":true,"href":"http:\/\/www.pferdefreunde-sv-starkenberg.de\/index.php?rest_route=\/wp\/v2\/users\/1"}],"replies":[{"embeddable":true,"href":"http:\/\/www.pferdefreunde-sv-starkenberg.de\/index.php?rest_route=%2Fwp%2Fv2%2Fcomments&post=3462"}],"version-history":[{"count":5,"href":"http:\/\/www.pferdefreunde-sv-starkenberg.de\/index.php?rest_route=\/wp\/v2\/pages\/3462\/revisions"}],"predecessor-version":[{"id":5210,"href":"http:\/\/www.pferdefreunde-sv-starkenberg.de\/index.php?rest_route=\/wp\/v2\/pages\/3462\/revisions\/5210"}],"up":[{"embeddable":true,"href":"http:\/\/www.pferdefreunde-sv-starkenberg.de\/index.php?rest_route=\/wp\/v2\/pages\/63"}],"wp:attachment":[{"href":"http:\/\/www.pferdefreunde-sv-starkenberg.de\/index.php?rest_route=%2Fwp%2Fv2%2Fmedia&parent=3462"}],"curies":[{"name":"wp","href":"https:\/\/api.w.org\/{rel}","templated":true}]}}