{"id":44,"date":"2013-02-22T22:10:55","date_gmt":"2013-02-22T20:10:55","guid":{"rendered":"http:\/\/www.pferdefreunde-sv-starkenberg.de\/?page_id=44"},"modified":"2024-09-09T10:53:28","modified_gmt":"2024-09-09T09:53:28","slug":"impressum","status":"publish","type":"page","link":"http:\/\/www.pferdefreunde-sv-starkenberg.de\/?page_id=44","title":{"rendered":"Impressum"},"content":{"rendered":"<h3><span style=\"text-decoration: underline;\">verantwortlich f\u00fcr Redaktion und Gestaltung:<\/span><\/h3>\n<address><strong>Anja\u00a0K\u00fchn<\/strong><\/address>\n<address>E-Mail:<\/address>\n<address><a href=\"mailto:Reiten-SV@starkenberg.info\" target=\"_blank\" rel=\"noopener noreferrer\">reiten-SV@starkenberg.info<\/a><\/address>\n<address>\u00a0<\/address>\n<h3><span style=\"text-decoration: underline;\">Betreiber der Internetseite:<\/span><\/h3>\n<address>SV Starkenberg e.V.<\/address>\n<address>Gartenweg 23<\/address>\n<address>04617 Starkenberg<\/address>\n<address>\u00a0<\/address>\n<address>Registergericht: Amtsgericht Altenburg<\/address>\n<address>Registernummer: VR 176<\/address>\n<address>\u00a0<\/address>\n<address>Vertretungsberechtigter Vorstand: Sebastian Koudele, Maximilian Brinkmann<\/address>\n<address>\u00a0<\/address>\n<address>Vereinsvorsitzender: Sebastian Koudele<\/address>\n<address>Tel. +49 (0)172 \/ 284 60 92<\/address>\n<address>E-Mail: <a href=\"mailto:Sportverein@Starkenberg.info\">Sportverein@Starkenberg.info<\/a><\/address>\n<address>\u00a0<\/address>\n<h3><span style=\"text-decoration: underline;\">Urheberrecht:<\/span><\/h3>\n<address>S\u00e4mtliche Rechte des auf dieser Seite verwendeten Bild- und Textmaterials obliegen den Betreibern dieser Seite. Vervielf\u00e4ltigung und Verwendung ist ausdr\u00fccklich nur mit Genehmigung der Betreiber dieser Webseite erlaubt.<\/address>\n","protected":false},"excerpt":{"rendered":"<p>verantwortlich f\u00fcr Redaktion und Gestaltung: Anja\u00a0K\u00fchn E-Mail: reiten-SV@starkenberg.info \u00a0 Betreiber der Internetseite: SV Starkenberg e.V. Gartenweg 23 04617 Starkenberg \u00a0&#8230;<\/p>\n","protected":false},"author":1,"featured_media":0,"parent":0,"menu_order":7,"comment_status":"closed","ping_status":"closed","template":"","meta":{"footnotes":""},"class_list":["post-44","page","type-page","status-publish","hentry"],"_links":{"self":[{"href":"http:\/\/www.pferdefreunde-sv-starkenberg.de\/index.php?rest_route=\/wp\/v2\/pages\/44","targetHints":{"allow":["GET"]}}],"collection":[{"href":"http:\/\/www.pferdefreunde-sv-starkenberg.de\/index.php?rest_route=\/wp\/v2\/pages"}],"about":[{"href":"http:\/\/www.pferdefreunde-sv-starkenberg.de\/index.php?rest_route=\/wp\/v2\/types\/page"}],"author":[{"embeddable":true,"href":"http:\/\/www.pferdefreunde-sv-starkenberg.de\/index.php?rest_route=\/wp\/v2\/users\/1"}],"replies":[{"embeddable":true,"href":"http:\/\/www.pferdefreunde-sv-starkenberg.de\/index.php?rest_route=%2Fwp%2Fv2%2Fcomments&post=44"}],"version-history":[{"count":14,"href":"http:\/\/www.pferdefreunde-sv-starkenberg.de\/index.php?rest_route=\/wp\/v2\/pages\/44\/revisions"}],"predecessor-version":[{"id":9501,"href":"http:\/\/www.pferdefreunde-sv-starkenberg.de\/index.php?rest_route=\/wp\/v2\/pages\/44\/revisions\/9501"}],"wp:attachment":[{"href":"http:\/\/www.pferdefreunde-sv-starkenberg.de\/index.php?rest_route=%2Fwp%2Fv2%2Fmedia&parent=44"}],"curies":[{"name":"wp","href":"https:\/\/api.w.org\/{rel}","templated":true}]}}