{"id":51,"date":"2013-02-22T22:09:10","date_gmt":"2013-02-22T20:09:10","guid":{"rendered":"http:\/\/www.pferdefreunde-sv-starkenberg.de\/?page_id=51"},"modified":"2017-10-02T21:09:04","modified_gmt":"2017-10-02T20:09:04","slug":"reitplatz","status":"publish","type":"page","link":"http:\/\/www.pferdefreunde-sv-starkenberg.de\/?page_id=51","title":{"rendered":"Reitplatz in Starkenberg"},"content":{"rendered":"<p style=\"text-align: left;\"><img loading=\"lazy\" decoding=\"async\" class=\"size-medium wp-image-99 aligncenter\" style=\"border: 0px;\" title=\"der Reitplatz\" src=\"http:\/\/www.pferdefreunde-sv-starkenberg.de\/wp-content\/uploads\/2013\/02\/IMG_8287-300x200.jpg\" alt=\"IMG_8287\" width=\"300\" height=\"200\" srcset=\"http:\/\/www.pferdefreunde-sv-starkenberg.de\/wp-content\/uploads\/2013\/02\/IMG_8287-300x200.jpg 300w, http:\/\/www.pferdefreunde-sv-starkenberg.de\/wp-content\/uploads\/2013\/02\/IMG_8287.jpg 864w\" sizes=\"auto, (max-width: 300px) 100vw, 300px\" \/>Im Oktober 2012 wurde begonnen, um den Reitplatz des SV Starkenberg eine feste Umz\u00e4unung zu bauen.\u00a0Seit November sind die Bauma\u00dfnahmen beendet, der Reitplatz des SV Starkenberg hat nun einen schicken Zaun, um f\u00fcr das Reiten und die Arbeit mit dem Pferd noch mehr Sicherheit zu gew\u00e4hrleisten. Somit kann auf unserem Reitplatz wesentlich sicherer geritten werden und Bodenarbeit kann auch mal \u201efrei\u201c gemacht werden. Zun\u00e4chst wurde viel gerechnet und recherchiert, um die Sache kosteneffektiv durchf\u00fchren zu k\u00f6nnen. Es sollten aber auch langlebige Materialien gew\u00e4hlt werden. Nach viel Vorarbeit konnte das Projekt dann endlich durchgeplant werden und beginnen!<a id=\"te1286246249\"><\/a><\/p>\n<div id=\"te1286246249\">\n<p>Wir Reiterfreunde trafen uns zu mehreren Arbeitseins\u00e4tzen, bei denen viel Unkraut entfernt wurde. Die Vorarbeit f\u00fcr das Bohren von L\u00f6chern wurde getroffen, in die dann die Pfosten gesetzt wurden. Am 05.10.2012 wurden die Stellen auf dem Boden angezeichnet. Nun konnte es endlich losgehen: Die L\u00f6cher bohrte uns Frank Gentsch mit seinem Bagger und einem Erdbohrger\u00e4t. Dies war gar nicht so einfach, da der Bohrer an einer Seite des Reitplatzes aufgrund der Bodenbeschaffenheit nicht richtig greifen konnte. Also hie\u00df es, die L\u00f6cher zun\u00e4chst mit dem Spaten bearbeiten. Zu einem weiteren Arbeitseinsatz wurde mit Hilfe der Feuerwehr Starkenberg begonnen, die schweren Pfosten auszurichten und in die L\u00f6cher zu platzieren. Damit es zum Schluss ein sch\u00f6nes Bild ergibt, wurden die S\u00e4ulen dann noch alle auf die gleiche H\u00f6he zurecht geschnitten. Am gleichen Tag wurden sogar noch die Isolatoren von den flei\u00dfigen Helfern der Feuerwehr angeschraubt. Der Endspurt begann dann Anfang November. Wir bauten auf jeden Pfosten eine Kappe als Regenschutz, damit das ganze Projekt auch eine hohe Lebensdauer hat. Das Breitband wurde in drei Ebenen an die Pfosten angebracht und fixiert. Und das Endergebnis kann sich auf jeden Fall sehen lassen. Wir haben nun einen besonders schicken Reitplatz bei dem Sicherheit der Reiter und Reiterinnen gro\u00df geschrieben wird, denn nun ist er fest und vor allem sicher umz\u00e4unt. Wir bedanken uns f\u00fcr die Hilfe bei:<\/p>\n<ul style=\"text-align: left;\">\n<li>Landwirtschaftsbetrieb Frank Gentsch<\/li>\n<li>Natursteinhandel Gunter Hu\u00dfner<\/li>\n<li>FW Starkenberg<\/li>\n<li>Familie H\u00e4nsch \/ Karte f\u00fcr die Zustimmung des Baus<\/li>\n<li>allen flei\u00dfigen Helfern bei den Vorarbeiten<\/li>\n<li>und nat\u00fcrlich beim Vorstand des SV Starkenberg f\u00fcr die finanzielle Umsetzung des Projekts<\/li>\n<li>und nat\u00fcrlich bei denen, die wir vielleicht doch vergessen haben sollten!<\/li>\n<\/ul>\n<\/div>\n<p style=\"text-align: center;\"><a href=\"http:\/\/www.pferdefreunde-sv-starkenberg.de\/wp-content\/uploads\/2013\/02\/IMG_8301.jpg\" rel=\"lightbox[51]\"><img loading=\"lazy\" decoding=\"async\" class=\"size-medium wp-image-100 aligncenter\" title=\"der Reitplatz\" src=\"http:\/\/www.pferdefreunde-sv-starkenberg.de\/wp-content\/uploads\/2013\/02\/IMG_8301-300x200.jpg\" alt=\"IMG_8301\" width=\"300\" height=\"200\" srcset=\"http:\/\/www.pferdefreunde-sv-starkenberg.de\/wp-content\/uploads\/2013\/02\/IMG_8301-300x200.jpg 300w, http:\/\/www.pferdefreunde-sv-starkenberg.de\/wp-content\/uploads\/2013\/02\/IMG_8301.jpg 864w\" sizes=\"auto, (max-width: 300px) 100vw, 300px\" \/><\/a><\/p>\n<p>Im Oktober 2013 bauten wir nun endlich die Buchstaben dran, die an einen Reitplatz geh\u00f6ren. Nun kann man nach Bahnfiguren reiten. Danke an unseren flei\u00dfigsten Bauhelfer!<\/p>\n<p><a title=\"Oktober 2012: Reitplatz-Umz\u00e4unung\" href=\"http:\/\/www.pferdefreunde-sv-starkenberg.de\/?page_id=252\">Hier entlang zur Bildergalerie des Umbaus&#8230; <\/a><\/p>\n<p>Beim Arbeitseinsatz am 29.03.2014 waren Gro\u00df und Klein mit am Start. Sensationell: 21 Helfer!!! Danke an unseren Sportverein f\u00fcr die finanzielle Unterst\u00fctzung!<\/p>\n<p>Treff war fr\u00fch um 8 Uhr, jeder brachte Gartenger\u00e4te mit und dann ging es auch schon los. Wir legten mit vereinten Kr\u00e4ften das Vlies frei um an die kaputten Stellen heranzukommen. Der Sand wurde weggeschaufelt und dann das Vlies abgekehrt. Eine sehr gro\u00dfe defekte Stelle war direkt am Eingang und eine Naht nach oben war durch die Witterung und den Wind der letzten Wochen freigelegt worden. So waren sehr gro\u00dfe Stolperkanten entstanden. Alle packten mit an, somit kamen wir schnell und gut voran. Als dann auch nooch zu den 3 Mamas von unseren kleinen Pferdefreunden (Antonia, Patricia und Frieda), 2 starke Papas (von Lana und Maja) dazukamen, konnten auch die schwereren Arbeiten im Nu erledigt werden.<\/p>\n<p>Mit Erdankern befestigten wir eine gr\u00f6\u00dfere Bahn Bodenvlies in der Erde, sodass die kaputten Stellen wieder abgedeckt wurden. Gegen 11:45Uhr waren die Kr\u00e4fte dann doch etwas am Ende, wir sind aber sehr weit vorangekommen und haben viel geschafft. Leider haben die Anker nicht gereicht und in den Baum\u00e4rkten der Region war nichts vergleichbares aufzutreiben. Es m\u00fcssen noch weitere Erdanker ins Vlies geschlagen werden, damit die Pferde und die Reiter keinen unn\u00f6tigen Gefahrenquellen ausgesetzt werden. Dies ist in den n\u00e4chsten Tagen geplant, dann kann der Reitplatz wieder benutzt werden. Vorerst ist er gesperrt.<\/p>\n<p>Vielen Dank an Anja H. f\u00fcr die kleine leckere Pausenverpflegung, die wie immer super ankam. Die Rezepte haben mittlerweile die Runde gemacht \u2026.Auch Danke an den gro\u00dfen Bruder von Frida, der die schwere Schubkarre schieben durfte. Und ebenfalls DANKE an unseren pers\u00f6nlichen \u201cBauleiter\u201d Steffen!<\/p>\n<p><a title=\"Bilder \u2013 29.03.2014 Arbeitseinsatz Reitplatz\" href=\"http:\/\/www.pferdefreunde-sv-starkenberg.de\/?page_id=2558\">Hier entlang zur Bildergalerie des Arbeitseinsatzes 29.03.2014<\/a><\/p>\n<p>Am 04.04. trafen wir uns noch einmal, um die restlichen Reparaturen am Flies durchzuf\u00fchren. Dies ist uns auch gut und schnell gelungen.\u00a0 Ebenso am 06.04. waren noch einmal flei\u00dfige Helfer am Werk, um den Sand grob auf das freiliegende Flies zu verteilen. Mit viel Frauenpower \ud83d\ude09 und Schaufeln bewaffnet ging es los. Das Vlies musste wieder mit Sand bedeckt werden. Dies haben wir auch an diesem Vormittag geschafft. Nun konnte die Maschine kommen, die uns den Sand korrekt verteilt. Denn durch die vielen Jahre, ein kleines Gef\u00e4lle im Gel\u00e4nde und die Witterungseinfl\u00fcsse ist der Sand sehr ungleich verteilt. Dies wollen wir noch beheben!<\/p>\n<p>Dann am 11.04. half uns Herr Klaus Gensch mit dem Einsatz des \u201cWeidemanns\u201d, der sonst in P\u00f6hle zum Futterverteilen eingesetzt wird, und zog uns den Sand breit, der nun gleichm\u00e4\u00dfiger verteilt ist. Restliche Arbeiten haben wir dann mit unserer Armkraft erledigt\u2026.. puh! Vielen Dank daf\u00fcr!<\/p>\n<p><a title=\"Bilder 2014 \u2013 04.04. und 06.04.2014 Arbeitseinsatz Reitplatz\" href=\"http:\/\/www.pferdefreunde-sv-starkenberg.de\/?page_id=3295\">Hier entlang zur Bildergalerie des Arbeitseinsatzes 04.04. und 06.04.2014<\/a><\/p>\n<p>&nbsp;<\/p>\n","protected":false},"excerpt":{"rendered":"<p>Im Oktober 2012 wurde begonnen, um den Reitplatz des SV Starkenberg eine feste Umz\u00e4unung zu bauen.\u00a0Seit November sind die Bauma\u00dfnahmen&#8230;<\/p>\n","protected":false},"author":1,"featured_media":0,"parent":7640,"menu_order":3,"comment_status":"closed","ping_status":"closed","template":"","meta":{"footnotes":""},"class_list":["post-51","page","type-page","status-publish","hentry"],"_links":{"self":[{"href":"http:\/\/www.pferdefreunde-sv-starkenberg.de\/index.php?rest_route=\/wp\/v2\/pages\/51","targetHints":{"allow":["GET"]}}],"collection":[{"href":"http:\/\/www.pferdefreunde-sv-starkenberg.de\/index.php?rest_route=\/wp\/v2\/pages"}],"about":[{"href":"http:\/\/www.pferdefreunde-sv-starkenberg.de\/index.php?rest_route=\/wp\/v2\/types\/page"}],"author":[{"embeddable":true,"href":"http:\/\/www.pferdefreunde-sv-starkenberg.de\/index.php?rest_route=\/wp\/v2\/users\/1"}],"replies":[{"embeddable":true,"href":"http:\/\/www.pferdefreunde-sv-starkenberg.de\/index.php?rest_route=%2Fwp%2Fv2%2Fcomments&post=51"}],"version-history":[{"count":22,"href":"http:\/\/www.pferdefreunde-sv-starkenberg.de\/index.php?rest_route=\/wp\/v2\/pages\/51\/revisions"}],"predecessor-version":[{"id":7663,"href":"http:\/\/www.pferdefreunde-sv-starkenberg.de\/index.php?rest_route=\/wp\/v2\/pages\/51\/revisions\/7663"}],"up":[{"embeddable":true,"href":"http:\/\/www.pferdefreunde-sv-starkenberg.de\/index.php?rest_route=\/wp\/v2\/pages\/7640"}],"wp:attachment":[{"href":"http:\/\/www.pferdefreunde-sv-starkenberg.de\/index.php?rest_route=%2Fwp%2Fv2%2Fmedia&parent=51"}],"curies":[{"name":"wp","href":"https:\/\/api.w.org\/{rel}","templated":true}]}}