{"id":6,"date":"2013-02-22T20:24:55","date_gmt":"2013-02-22T19:24:55","guid":{"rendered":"http:\/\/www.pferdefreunde-sv-starkenberg.de\/?page_id=6"},"modified":"2022-04-25T11:27:25","modified_gmt":"2022-04-25T10:27:25","slug":"uber-uns","status":"publish","type":"page","link":"http:\/\/www.pferdefreunde-sv-starkenberg.de\/?page_id=6","title":{"rendered":"\u00dcber uns"},"content":{"rendered":"<p style=\"padding-left: 30px\">Hallo liebe Besucher unserer homepage,<\/p>\n<p>willkommen hier auf unserer&nbsp;Internetseite der Pferdefreunde des SV Starkenberg. Wir wollen Euch hier zeigen, was wir so machen.<\/p>\n<p>Wir sind eine bunte Truppe aus Englisch- und Westernreitern, Turnier- und Freizeitreitern,&nbsp;Jung und Alt, Klein und Gro\u00df. Im Vordergrund soll der Spa\u00df und der nat\u00fcrliche Umgang mit dem Pferd stehen.<\/p>\n<p><a href=\"http:\/\/www.pferdefreunde-sv-starkenberg.de\/wp-content\/uploads\/2013\/05\/IMG_3331.jpg\" rel=\"lightbox[6]\"><img loading=\"lazy\" decoding=\"async\" src=\"http:\/\/www.pferdefreunde-sv-starkenberg.de\/wp-content\/uploads\/2013\/05\/IMG_3331-150x150.jpg\" class=\"alignleft wp-image-736\" alt=\"yoyo game\" width=\"90\" height=\"90\"><\/a><\/p>\n<p>Das&nbsp;<a title=\"natural horsemanship\" href=\"http:\/\/www.pferdefreunde-sv-starkenberg.de\/?page_id=216\">natural &nbsp;horsemanship<\/a>&nbsp;steht Anja K\u00fchn, Kristin Pr\u00fcfer und Lisa Wolter sehr hoch im Kurs. Wir&nbsp;M\u00e4dels \u00fcben viel mit den Pferden auf dem Platz, z.B. die 7 Spiele nach Parelli, Gelassenheitstraining mit Planen und Regenschirm, Scheutraining, Verladen und vieles mehr. &#8230;<\/p>\n<p>&nbsp;<\/p>\n<p><a href=\"http:\/\/www.pferdefreunde-sv-starkenberg.de\/wp-content\/uploads\/2013\/02\/IMG_0022.jpg\" rel=\"lightbox[6]\"><img loading=\"lazy\" decoding=\"async\" src=\"http:\/\/www.pferdefreunde-sv-starkenberg.de\/wp-content\/uploads\/2013\/02\/IMG_0022-150x150.jpg\" class=\"alignleft wp-image-858\" alt=\"IMG_0022\" width=\"96\" height=\"96\"><\/a><\/p>\n<p><a title=\"Wir \u00fcber uns \u2013 Westernreiten\" href=\"http:\/\/www.pferdefreunde-sv-starkenberg.de\/?page_id=212\" target=\"_blank\" rel=\"noopener noreferrer\">Westernreiten<\/a>&nbsp;ist die neue Disziplin seitdem Kristin Pr\u00fcfer mit ihrem Haflinger Shining Star Quent im August 2012 zum Verein hinzu kam. Sie reitet auf Turnieren und auch einige unserer Kids k\u00f6nnen mit teilnehmen.<\/p>\n<p>&nbsp;<\/p>\n<p>&nbsp;<\/p>\n","protected":false},"excerpt":{"rendered":"<p>Hallo liebe Besucher unserer homepage, willkommen hier auf unserer&nbsp;Internetseite der Pferdefreunde des SV Starkenberg. Wir wollen Euch hier zeigen, was&#8230;<\/p>\n","protected":false},"author":1,"featured_media":0,"parent":0,"menu_order":0,"comment_status":"closed","ping_status":"closed","template":"","meta":{"footnotes":""},"class_list":["post-6","page","type-page","status-publish","hentry"],"_links":{"self":[{"href":"http:\/\/www.pferdefreunde-sv-starkenberg.de\/index.php?rest_route=\/wp\/v2\/pages\/6","targetHints":{"allow":["GET"]}}],"collection":[{"href":"http:\/\/www.pferdefreunde-sv-starkenberg.de\/index.php?rest_route=\/wp\/v2\/pages"}],"about":[{"href":"http:\/\/www.pferdefreunde-sv-starkenberg.de\/index.php?rest_route=\/wp\/v2\/types\/page"}],"author":[{"embeddable":true,"href":"http:\/\/www.pferdefreunde-sv-starkenberg.de\/index.php?rest_route=\/wp\/v2\/users\/1"}],"replies":[{"embeddable":true,"href":"http:\/\/www.pferdefreunde-sv-starkenberg.de\/index.php?rest_route=%2Fwp%2Fv2%2Fcomments&post=6"}],"version-history":[{"count":50,"href":"http:\/\/www.pferdefreunde-sv-starkenberg.de\/index.php?rest_route=\/wp\/v2\/pages\/6\/revisions"}],"predecessor-version":[{"id":9305,"href":"http:\/\/www.pferdefreunde-sv-starkenberg.de\/index.php?rest_route=\/wp\/v2\/pages\/6\/revisions\/9305"}],"wp:attachment":[{"href":"http:\/\/www.pferdefreunde-sv-starkenberg.de\/index.php?rest_route=%2Fwp%2Fv2%2Fmedia&parent=6"}],"curies":[{"name":"wp","href":"https:\/\/api.w.org\/{rel}","templated":true}]}}