{"id":7640,"date":"2017-10-02T20:22:53","date_gmt":"2017-10-02T19:22:53","guid":{"rendered":"http:\/\/www.pferdefreunde-sv-starkenberg.de\/?page_id=7640"},"modified":"2024-09-09T10:32:04","modified_gmt":"2024-09-09T09:32:04","slug":"unser-verein","status":"publish","type":"page","link":"http:\/\/www.pferdefreunde-sv-starkenberg.de\/?page_id=7640","title":{"rendered":"Unser Verein"},"content":{"rendered":"\n<h2 class=\"wp-block-heading\">Der Verein SV Starkenberg e.V. freut sich derzeit \u00fcber ca. 170 Mitglieder. Diese Zahl gliedert sich in 5 Abteilungen.<\/h2>\n\n\n\n<p>Wir, die Pferdefreunde des SV Starkenberg e.V. haben uns 2013 umbenannt in die Abteilung &#8222;Reiten\/horsemanship&#8220;, da bei uns nicht mehr nur das Reiten im Fokus steht.<\/p>\n\n\n\n<p>Ab 2012 \u00fcbernahm Anja K\u00fchn die Leitung der Sektion und 2024 \u00fcbergab sie die Leitung der Sektion an Lisa-Marie Wolter.<\/p>\n\n\n\n<p><a href=\"http:\/\/www.pferdefreunde-sv-starkenberg.de\/?page_id=7660\">Die Entwicklung bis 2011 k\u00f6nnt ihr hier nachlesen.<\/a><\/p>\n\n\n\n<p>Von September 2017 bis M\u00e4rz 2019 waren wir auf dem Kirsch-Hof in Gro\u00dfbraunshain. Danach wechselten wir auf die Reitanlage nach Wintersdorf, Mai 2022 bis Juni 2023 verbrachten wir im idyllischen Meucha im Pensionsstall zum kleinen Jordan. Danach ging unsere Reise mit Ronja und Quent in einen privaten Stall in der N\u00e4he von Altenburg.<\/p>\n\n\n\n<p>Unsere Abteilungen:<\/p>\n\n\n\n<figure class=\"wp-block-table\"><table><tbody><tr><td> <strong>Fu\u00dfball<\/strong> <\/td><td><\/td><\/tr><tr><td> <strong>Kegeln&nbsp;<\/strong> <\/td><td><\/td><\/tr><tr><td> <strong>Reiten\/horsemanship<\/strong> <\/td><td><\/td><\/tr><tr><td> <strong>Volleyball&nbsp;<\/strong> <\/td><td><\/td><\/tr><tr><td> <strong>Line Dance<\/strong> <\/td><td><\/td><\/tr><\/tbody><\/table><\/figure>\n\n\n\n<p><\/p>\n\n\n\n<figure class=\"wp-block-table\"><table><tbody><tr><td><strong>Pr\u00e4sident<br>Sebastian Koudele<\/strong><br>0172-2846092<br><a href=\"mailto:Sportverein@Starkenberg.info\">Sportverein@Starkenberg.info<\/a><\/td><td><strong>Vize-Pr\u00e4sident<br>Maximilian Brinkmann<\/strong><br><\/td><td><strong>Kassenwart<\/strong><br>Katrin Bieber<strong><br><\/strong><\/td><\/tr><\/tbody><\/table><\/figure>\n\n\n\n<h4 class=\"wp-block-heading\">Stand 14.04.2024<\/h4>\n\n\n\n<p><\/p>\n","protected":false},"excerpt":{"rendered":"<p>Der Verein SV Starkenberg e.V. freut sich derzeit \u00fcber ca. 170 Mitglieder. Diese Zahl gliedert sich in 5 Abteilungen. Wir,&#8230;<\/p>\n","protected":false},"author":1,"featured_media":0,"parent":0,"menu_order":0,"comment_status":"closed","ping_status":"closed","template":"","meta":{"footnotes":""},"class_list":["post-7640","page","type-page","status-publish","hentry"],"_links":{"self":[{"href":"http:\/\/www.pferdefreunde-sv-starkenberg.de\/index.php?rest_route=\/wp\/v2\/pages\/7640","targetHints":{"allow":["GET"]}}],"collection":[{"href":"http:\/\/www.pferdefreunde-sv-starkenberg.de\/index.php?rest_route=\/wp\/v2\/pages"}],"about":[{"href":"http:\/\/www.pferdefreunde-sv-starkenberg.de\/index.php?rest_route=\/wp\/v2\/types\/page"}],"author":[{"embeddable":true,"href":"http:\/\/www.pferdefreunde-sv-starkenberg.de\/index.php?rest_route=\/wp\/v2\/users\/1"}],"replies":[{"embeddable":true,"href":"http:\/\/www.pferdefreunde-sv-starkenberg.de\/index.php?rest_route=%2Fwp%2Fv2%2Fcomments&post=7640"}],"version-history":[{"count":11,"href":"http:\/\/www.pferdefreunde-sv-starkenberg.de\/index.php?rest_route=\/wp\/v2\/pages\/7640\/revisions"}],"predecessor-version":[{"id":9498,"href":"http:\/\/www.pferdefreunde-sv-starkenberg.de\/index.php?rest_route=\/wp\/v2\/pages\/7640\/revisions\/9498"}],"wp:attachment":[{"href":"http:\/\/www.pferdefreunde-sv-starkenberg.de\/index.php?rest_route=%2Fwp%2Fv2%2Fmedia&parent=7640"}],"curies":[{"name":"wp","href":"https:\/\/api.w.org\/{rel}","templated":true}]}}