{"id":7660,"date":"2017-10-02T20:52:46","date_gmt":"2017-10-02T19:52:46","guid":{"rendered":"http:\/\/www.pferdefreunde-sv-starkenberg.de\/?page_id=7660"},"modified":"2022-02-21T13:39:41","modified_gmt":"2022-02-21T12:39:41","slug":"bis-2011","status":"publish","type":"page","link":"http:\/\/www.pferdefreunde-sv-starkenberg.de\/?page_id=7660","title":{"rendered":"bis 2011"},"content":{"rendered":"<p><span style=\"color: #ffff00;\"><strong>R\u00fcckblick\u00a0<\/strong><\/span><\/p>\n<p><img loading=\"lazy\" decoding=\"async\" class=\"alignleft\" title=\"Hanne\" src=\"http:\/\/www.starkenberg.info\/_WP\/wp-content\/uploads\/2012\/11\/Bild-10-100x66.jpg\" alt=\"\" width=\"100\" height=\"66\" \/>Bis 2011 wurde Barbara Kartes Pferd Hanne von Christina Gentsch aktiv auf Springturnieren geritten. Die beiden r\u00e4umten viele Preise ab.\u00a0Christina sprang mit Hanne (Handfeste) bis Leistungsklasse L. Beide konnten in diesem Sport viele Erfolge verzeichnen!\u00a0Diese Leistungsklasse L beinhaltet Spr\u00fcnge mit einer H\u00f6he und Tiefe von bis 1,20m \u2013 eine beachtliche Leistung!\u00a0Aufgrund des Pferdealters von Hanne wurde sie aus dem aktiven Turniersport genommen. Doch dies war kein Alter f\u00fcr unsere Hanne, sie hatte nach wie vor ausreichend Feuer und Power.\u00a0Sie genoss allerdings auch das entspannte Koppelleben mit ihren Kumpels und wurde freizeitm\u00e4ssig ins Gel\u00e4nde geritten. Sie war nach wie vor das Energieb\u00fcndel Nr. 1 und jeder kleine Sprung machte ihr auch nach wie vor jede Menge Spa\u00df! Leider mussten wir 2016 von diesem Power-Trakener Abschied nehmen. Sie erlag einer schweren Kolik. Aber wir denken nat\u00fcrlich ganz oft an diese h\u00fcbsche Stute.<\/p>\n<p><img loading=\"lazy\" decoding=\"async\" class=\"alignleft\" title=\"Juwel und Durex bei der Arbeit\" src=\"http:\/\/www.starkenberg.info\/_WP\/wp-content\/uploads\/2012\/11\/Bild-02-100x56.jpg\" alt=\"\" width=\"100\" height=\"56\" \/><\/p>\n<p>Bis 2009 wurde aktiv eine Voltigiergruppe betreut. Christina und Kornelia Gentsch, Stefanie Hoppe und Juliane Heller haben sich dabei viele Jahre engagiert um den sportlichen Nachwuchs gek\u00fcmmert. Es wurde viel trainiert und ge\u00fcbt, man nahm an Wettk\u00e4mpfen teil, Holzpferdeturniere wurde besucht. Aufgrund ihres Alters wurden die treuen Voltigierpferde Juwel und Durex dann in ihren wohlverdienten Ruhestand geschickt. Beide genossen nach der sportlichen Karriere ausgiebig das Pferdeleben auf den Koppeln des Hofes. Beide Pferde tobten oft vergn\u00fcgt mit ihren Kumpels herum, von Juwel mussten wir Ende 2012 \u00a0leider \u00a0Abschied nehmen. Durex genie\u00dft seinen Ruhestand noch in Starkenberg und feiert seinen 30. Gebutstag 2022.<\/p>\n","protected":false},"excerpt":{"rendered":"<p>R\u00fcckblick\u00a0 Bis 2011 wurde Barbara Kartes Pferd Hanne von Christina Gentsch aktiv auf Springturnieren geritten. Die beiden r\u00e4umten viele Preise&#8230;<\/p>\n","protected":false},"author":1,"featured_media":0,"parent":7640,"menu_order":0,"comment_status":"closed","ping_status":"closed","template":"","meta":{"footnotes":""},"class_list":["post-7660","page","type-page","status-publish","hentry"],"_links":{"self":[{"href":"http:\/\/www.pferdefreunde-sv-starkenberg.de\/index.php?rest_route=\/wp\/v2\/pages\/7660","targetHints":{"allow":["GET"]}}],"collection":[{"href":"http:\/\/www.pferdefreunde-sv-starkenberg.de\/index.php?rest_route=\/wp\/v2\/pages"}],"about":[{"href":"http:\/\/www.pferdefreunde-sv-starkenberg.de\/index.php?rest_route=\/wp\/v2\/types\/page"}],"author":[{"embeddable":true,"href":"http:\/\/www.pferdefreunde-sv-starkenberg.de\/index.php?rest_route=\/wp\/v2\/users\/1"}],"replies":[{"embeddable":true,"href":"http:\/\/www.pferdefreunde-sv-starkenberg.de\/index.php?rest_route=%2Fwp%2Fv2%2Fcomments&post=7660"}],"version-history":[{"count":5,"href":"http:\/\/www.pferdefreunde-sv-starkenberg.de\/index.php?rest_route=\/wp\/v2\/pages\/7660\/revisions"}],"predecessor-version":[{"id":9005,"href":"http:\/\/www.pferdefreunde-sv-starkenberg.de\/index.php?rest_route=\/wp\/v2\/pages\/7660\/revisions\/9005"}],"up":[{"embeddable":true,"href":"http:\/\/www.pferdefreunde-sv-starkenberg.de\/index.php?rest_route=\/wp\/v2\/pages\/7640"}],"wp:attachment":[{"href":"http:\/\/www.pferdefreunde-sv-starkenberg.de\/index.php?rest_route=%2Fwp%2Fv2%2Fmedia&parent=7660"}],"curies":[{"name":"wp","href":"https:\/\/api.w.org\/{rel}","templated":true}]}}