{"id":7664,"date":"2017-10-02T20:55:24","date_gmt":"2017-10-02T19:55:24","guid":{"rendered":"http:\/\/www.pferdefreunde-sv-starkenberg.de\/?page_id=7664"},"modified":"2017-10-10T22:33:20","modified_gmt":"2017-10-10T21:33:20","slug":"2012-bis-2017","status":"publish","type":"page","link":"http:\/\/www.pferdefreunde-sv-starkenberg.de\/?page_id=7664","title":{"rendered":"2012 bis 2017"},"content":{"rendered":"<p>Im Jahr <strong>2012<\/strong> \u00fcbernahm Anja K\u00fchn das Amt der Sektionsleitung der Reiter und Pferdefreunde im SV Starkenberg e.V. Es gab einige gravierende \u00c4nderungen im Handeln und Auftreten der Abteilung. Es ging nicht mehr um aktiven Turniersport, sondern eher um die Arbeit mit Kindern und deren Erlernen des Umgangs mit dem Partner Pferd. Die Idee des <a href=\"http:\/\/www.pferdefreunde-sv-starkenberg.de\/?page_id=808\">horsemanship for kids<\/a> war geboren.<\/p>\n<p>Es ging los mit dem Umbau am Reitplatz in Starkenberg <strong>ab 2012<\/strong>. <a href=\"http:\/\/www.pferdefreunde-sv-starkenberg.de\/?page_id=51\">Genauere Informationen dazu findet ihr hier<\/a>\u00a0Eine feste Umz\u00e4unung wurde gebaut, viele flei\u00dfige Helfer waren am Werk, zum Schluss entstand ein sicher eingez\u00e4unter Reitplatz f\u00fcr Pferd und Reiter.<\/p>\n<p>Einher ging dies <strong>2013<\/strong> mit der entsprechenden Umbenennung der Sektion in. Pferdefreunde des SV Starkenberg: Reiten\/horsemanship.<\/p>\n<p>Im Laufe der Zeit entwickelte sich unsere Sektion unter der Leitung einer Gruppe von Organisationsmitgliedern, denen die Arbeit und das Zusammenarbeiten mit Kindern besonders am Herzen liegt. W\u00f6chentlich gibt es unser &#8222;horsemanship for kids&#8220; in Starkenberg, den Kindern und Jugendlichen wird der Umgang mit dem Pferd beigebracht.<\/p>\n<p>Im Laufe der Jahre gab es jedoch leider auch einige \u00c4nderungen, die nicht beeinflussbar waren&#8230;. einige Pferde gingen&#8230; teilweise in einen neuen Stall oder zu einem neuen Besitzer, andererseits mussten wir einige auch \u00fcber die Regenbogenbr\u00fccke gehen lassen ;-( Somit war ein kontinuierlicher R\u00fcckgang zu verzeichnen, nicht in der Aktivit\u00e4t unserer Sektion, sondern eher in der Durchf\u00fchrbarkeit.<\/p>\n<p>Im Oktober <strong>2015<\/strong> wurde eine neue Aktion ins Leben gerufen, Knirpsenrunde -horsemanship for kids. Eine Trainingseinheit angepasst f\u00fcr Kinder ab 3 Jahren (bis 6\/7 Jahren). Mit gro\u00dfem Zulauf dieser Altersgruppe wurde eine neue Trainingszeit geschaffen. <a href=\"http:\/\/www.pferdefreunde-sv-starkenberg.de\/?page_id=267\">Termine<\/a>\u00a0gibt es hierzu.<\/p>\n<p>Im Februar <strong>2016<\/strong> konnten wir aufgrund einer tollen F\u00f6rderaktion der Deutschen Reiterlichen Vereinigung (FN) den Umbau eines Raumes \u00fcber dem Stallgeb\u00e4ude zu einem neuen Aufenthaltsraum in Angriff nehmen. Aufgrund fehlender finanzieller Mittel musste seitdem weiter auf Strom und Heizung verzichtet werden. Dies erschwerte unsere Treffen in den Herbst- und Wintermonaten nat\u00fcrlich enorm.<\/p>\n<p><strong>2017<\/strong> w\u00e4re dann eine gr\u00f6\u00dfere Investition am Reitplatz unumg\u00e4nglich gewesen. Die Beschaffenheit des Sandes als Untergrund war so schlecht, dass ein normales Laufen auf dem Sand \u00e4u\u00dferst schwierig geworden war, nicht nur f\u00fcr die Pferde, sondern auch f\u00fcr die kids, die das F\u00fchren und das natural horsemanship erlernen wollen.<\/p>\n<p>Aus all den bekannten Gr\u00fcnden entschieden wir uns im <strong>Sommer 2017<\/strong> dazu, einen neuen Stall zu suchen, wo wir vielleicht bessere Trainingsbedingungen erreichen konnten.\u00a0Es\u00a0folgte also der Wechsel auf den Kirsch-Hof nach Gro\u00dfbraunshain.<\/p>\n<p>Ich bedanke mich ganz herzlich bei Familie Karte\/H\u00e4nsch, dass wir so viele sch\u00f6ne Jahre auf dem Hof verbringen durften, Kinderaugen zum Leuchten bringen konnten und unser Wissen weitergeben durften. Immer standen wir mit unseren Kids und Unterst\u00fctzern zur Seite, um auf dem Hof mitzuhelfen. Wir Pferdefreunde und der SV Starkenberg w\u00fcnschen der Familie Karte\/H\u00e4nsch viel Gesundheit, weiterhin viel Schaffenskraft und einen erholsamen Ruhestand ohne Trubel. Ebenso gilt mein Dank Familie G\u00fcnter Schneider, die uns immer zur Hand ging. So war es stets eine gute Zusammenarbeit. Es war eine wirklich tolle Zeit f\u00fcr Gro\u00df und Klein!<\/p>\n<p>Weitere Informationen und mehr Details gibt es zu allen genannten Punkten in K\u00fcrze&#8230;.<\/p>\n<p><a href=\"http:\/\/www.pferdefreunde-sv-starkenberg.de\/?page_id=7667\">Alle News ab September 2017 findet ihr hier.<\/a><\/p>\n","protected":false},"excerpt":{"rendered":"<p>Im Jahr 2012 \u00fcbernahm Anja K\u00fchn das Amt der Sektionsleitung der Reiter und Pferdefreunde im SV Starkenberg e.V. Es gab&#8230;<\/p>\n","protected":false},"author":1,"featured_media":0,"parent":7640,"menu_order":0,"comment_status":"closed","ping_status":"closed","template":"","meta":{"footnotes":""},"class_list":["post-7664","page","type-page","status-publish","hentry"],"_links":{"self":[{"href":"http:\/\/www.pferdefreunde-sv-starkenberg.de\/index.php?rest_route=\/wp\/v2\/pages\/7664","targetHints":{"allow":["GET"]}}],"collection":[{"href":"http:\/\/www.pferdefreunde-sv-starkenberg.de\/index.php?rest_route=\/wp\/v2\/pages"}],"about":[{"href":"http:\/\/www.pferdefreunde-sv-starkenberg.de\/index.php?rest_route=\/wp\/v2\/types\/page"}],"author":[{"embeddable":true,"href":"http:\/\/www.pferdefreunde-sv-starkenberg.de\/index.php?rest_route=\/wp\/v2\/users\/1"}],"replies":[{"embeddable":true,"href":"http:\/\/www.pferdefreunde-sv-starkenberg.de\/index.php?rest_route=%2Fwp%2Fv2%2Fcomments&post=7664"}],"version-history":[{"count":8,"href":"http:\/\/www.pferdefreunde-sv-starkenberg.de\/index.php?rest_route=\/wp\/v2\/pages\/7664\/revisions"}],"predecessor-version":[{"id":7711,"href":"http:\/\/www.pferdefreunde-sv-starkenberg.de\/index.php?rest_route=\/wp\/v2\/pages\/7664\/revisions\/7711"}],"up":[{"embeddable":true,"href":"http:\/\/www.pferdefreunde-sv-starkenberg.de\/index.php?rest_route=\/wp\/v2\/pages\/7640"}],"wp:attachment":[{"href":"http:\/\/www.pferdefreunde-sv-starkenberg.de\/index.php?rest_route=%2Fwp%2Fv2%2Fmedia&parent=7664"}],"curies":[{"name":"wp","href":"https:\/\/api.w.org\/{rel}","templated":true}]}}