{"id":7667,"date":"2017-10-02T20:57:36","date_gmt":"2017-10-02T19:57:36","guid":{"rendered":"http:\/\/www.pferdefreunde-sv-starkenberg.de\/?page_id=7667"},"modified":"2024-02-07T15:45:05","modified_gmt":"2024-02-07T14:45:05","slug":"ab-september-2017","status":"publish","type":"page","link":"http:\/\/www.pferdefreunde-sv-starkenberg.de\/?page_id=7667","title":{"rendered":"ab September 2017"},"content":{"rendered":"<p>Von September 2017 bis M\u00e4rz 2020 waren wir mit unseren Pferden und unserer Sektion auf dem Kirsch-Hof in Gro\u00dfbraunshain. Danach wechselten wir zur Reitanlage nach Wintersdorf. Im Mai 2022 fanden wir Zendlich unser Pferdegl\u00fcck im kleinen Pensionsstall &#8222;Zum kleinen Jordan&#8220; in Meucha. Leider beendete dieser Stall seine T\u00e4tigkeit als Pensionsgeber und wir mussten unser Konzept erneut \u00fcberdenken und wieder auf die Suche nach einem geeigneten Stall f\u00fcr uns und die Pferde und unsere Sektion gehen. Doch leider gestaltete sich das schwierig, denn ist ist immer schwerer etwas tolles zu finden. Der Wunsch unser horsemanship for kids weiter anzubieten musste so in den Hintergrund gestellt werden. Dann war es soweit, wir fanden ein neues Zu Hause f\u00fcr unsere Pferde, aber es ist nun ein privater Stall. Somit stellten wir unser horsemanship for kids zum 31.05.2023 ein.<\/p>\n<p>Nun sind wir am neuen Hof 5 Pferdebesitzer und viele treue Pferdefreunde, die uns weiter privat unterst\u00fctzen. Wir treffen uns ab und zu und wollen vielleicht auch mal einen Kurs organisieren. Was bleibt, ist unsere Weihnachtsfeier, die wir weiter stattfinden lassen, wo wir gem\u00fctlich schwatzen und essen und trinken.<\/p>\n<p><span style=\"color: #ffff00;\">Anja K\u00fchn mit Ronja<\/span><\/p>\n<p><span style=\"color: #ffff00;\">Kristin Pr\u00fcfer mit Quent<\/span><\/p>\n","protected":false},"excerpt":{"rendered":"<p>Von September 2017 bis M\u00e4rz 2020 waren wir mit unseren Pferden und unserer Sektion auf dem Kirsch-Hof in Gro\u00dfbraunshain. Danach&#8230;<\/p>\n","protected":false},"author":1,"featured_media":0,"parent":7640,"menu_order":0,"comment_status":"closed","ping_status":"closed","template":"","meta":{"footnotes":""},"class_list":["post-7667","page","type-page","status-publish","hentry"],"_links":{"self":[{"href":"http:\/\/www.pferdefreunde-sv-starkenberg.de\/index.php?rest_route=\/wp\/v2\/pages\/7667","targetHints":{"allow":["GET"]}}],"collection":[{"href":"http:\/\/www.pferdefreunde-sv-starkenberg.de\/index.php?rest_route=\/wp\/v2\/pages"}],"about":[{"href":"http:\/\/www.pferdefreunde-sv-starkenberg.de\/index.php?rest_route=\/wp\/v2\/types\/page"}],"author":[{"embeddable":true,"href":"http:\/\/www.pferdefreunde-sv-starkenberg.de\/index.php?rest_route=\/wp\/v2\/users\/1"}],"replies":[{"embeddable":true,"href":"http:\/\/www.pferdefreunde-sv-starkenberg.de\/index.php?rest_route=%2Fwp%2Fv2%2Fcomments&post=7667"}],"version-history":[{"count":9,"href":"http:\/\/www.pferdefreunde-sv-starkenberg.de\/index.php?rest_route=\/wp\/v2\/pages\/7667\/revisions"}],"predecessor-version":[{"id":9492,"href":"http:\/\/www.pferdefreunde-sv-starkenberg.de\/index.php?rest_route=\/wp\/v2\/pages\/7667\/revisions\/9492"}],"up":[{"embeddable":true,"href":"http:\/\/www.pferdefreunde-sv-starkenberg.de\/index.php?rest_route=\/wp\/v2\/pages\/7640"}],"wp:attachment":[{"href":"http:\/\/www.pferdefreunde-sv-starkenberg.de\/index.php?rest_route=%2Fwp%2Fv2%2Fmedia&parent=7667"}],"curies":[{"name":"wp","href":"https:\/\/api.w.org\/{rel}","templated":true}]}}