{"id":808,"date":"2013-05-12T21:03:25","date_gmt":"2013-05-12T20:03:25","guid":{"rendered":"http:\/\/www.pferdefreunde-sv-starkenberg.de\/?page_id=808"},"modified":"2024-09-09T10:25:16","modified_gmt":"2024-09-09T09:25:16","slug":"horsemanship-for-kids","status":"publish","type":"page","link":"http:\/\/www.pferdefreunde-sv-starkenberg.de\/?page_id=808","title":{"rendered":"horsemanship for kids"},"content":{"rendered":"\n<p>Bis 31.05.2023 haben wir unser horsemanship for kids angeboten. In unserem Umfeld haben sich pers\u00f6nliche und gesundheitliche Aspekte ergeben, dass wir unsere Trainingseinheiten einstellen.<\/p>\n\n\n\n<h6 class=\"wp-block-heading\">Nichtsdestotrotz steht das horsmanship und der nat\u00fcrliche Umgang mit Pferden weiter im Vordergrund. Wer sich daf\u00fcr interessiert, kann sich gern bei mir melden . Anja K\u00fchn<\/h6>\n\n\n<p style=\"text-align: center;\" align=\"center\"><a href=\"http:\/\/www.pferdefreunde-sv-starkenberg.de\/wp-content\/uploads\/2017\/09\/IMG_2740-e1506954122175.jpg\" rel=\"lightbox[808]\"><img loading=\"lazy\" decoding=\"async\" class=\"wp-image-7319 alignleft\" src=\"http:\/\/www.pferdefreunde-sv-starkenberg.de\/wp-content\/uploads\/2017\/09\/IMG_2740-e1506954122175-225x300.jpg\" alt=\"\" width=\"125\" height=\"167\" srcset=\"http:\/\/www.pferdefreunde-sv-starkenberg.de\/wp-content\/uploads\/2017\/09\/IMG_2740-e1506954122175-225x300.jpg 225w, http:\/\/www.pferdefreunde-sv-starkenberg.de\/wp-content\/uploads\/2017\/09\/IMG_2740-e1506954122175.jpg 600w\" sizes=\"auto, (max-width: 125px) 100vw, 125px\" \/><\/a><\/p>\n<h2 style=\"text-align: center;\" align=\"center\"><span style=\"color: #ff0000;\"><b>horsemanship for kids<\/b><\/span><\/h2>\n<p style=\"text-align: center;\"><span style=\"color: #99ccff;\">\u00a0<b><i>Im Umgang mit Pferden kann Ihr Kind viel lernen!\u00a0<\/i><\/b><b><i>Das bringt Mut, Selbstvertrauen und macht vor allem Spa\u00df.<\/i><\/b><\/span><\/p>\n<p style=\"text-align: center;\" align=\"center\"><span style=\"color: #99ccff;\"><b><i>Horsemanship ist eine Lebenseinstellung!<\/i><\/b><\/span><\/p>\n<p>\u00a0<a href=\"http:\/\/www.pferdefreunde-sv-starkenberg.de\/wp-content\/uploads\/2017\/04\/IMG_6929.jpg\" rel=\"lightbox[808]\"><img loading=\"lazy\" decoding=\"async\" class=\"wp-image-7021 alignright\" src=\"http:\/\/www.pferdefreunde-sv-starkenberg.de\/wp-content\/uploads\/2017\/04\/IMG_6929-300x225.jpg\" alt=\"\" width=\"167\" height=\"126\" srcset=\"http:\/\/www.pferdefreunde-sv-starkenberg.de\/wp-content\/uploads\/2017\/04\/IMG_6929-300x225.jpg 300w, http:\/\/www.pferdefreunde-sv-starkenberg.de\/wp-content\/uploads\/2017\/04\/IMG_6929-768x576.jpg 768w, http:\/\/www.pferdefreunde-sv-starkenberg.de\/wp-content\/uploads\/2017\/04\/IMG_6929.jpg 800w\" sizes=\"auto, (max-width: 167px) 100vw, 167px\" \/><\/a><\/p>\n<p style=\"text-align: justify;\">Wer Lust hat, pferdisch zu lernen und einen sch\u00f6nen Vormittag mit den Pferden zu verbringen, der ist hier genau richtig.<\/p>\n<p style=\"text-align: justify;\"><a href=\"http:\/\/www.pferdefreunde-sv-starkenberg.de\/wp-content\/uploads\/2017\/04\/IMG_8890.jpg\" rel=\"lightbox[808]\"><img loading=\"lazy\" decoding=\"async\" class=\"wp-image-6958 alignleft\" src=\"http:\/\/www.pferdefreunde-sv-starkenberg.de\/wp-content\/uploads\/2017\/04\/IMG_8890-300x225.jpg\" alt=\"\" width=\"164\" height=\"123\" srcset=\"http:\/\/www.pferdefreunde-sv-starkenberg.de\/wp-content\/uploads\/2017\/04\/IMG_8890-300x225.jpg 300w, http:\/\/www.pferdefreunde-sv-starkenberg.de\/wp-content\/uploads\/2017\/04\/IMG_8890-768x576.jpg 768w, http:\/\/www.pferdefreunde-sv-starkenberg.de\/wp-content\/uploads\/2017\/04\/IMG_8890.jpg 800w\" sizes=\"auto, (max-width: 164px) 100vw, 164px\" \/><\/a>Vom Umgang mit Tieren profitieren Kinder in vielerlei Hinsicht: vor allem Pferde haben die besondere Gabe, Charakter und Lebenseinstellung der Menschen, die mit ihnen zu tun haben, positiv zu formen. Sie k\u00f6nnen Kindern wichtige Dinge wie Selbstwertgef\u00fchl, Sicherheit und Optimismus vermitteln. Durch den Umgang mit dem Pferd lernen Kinder, teamf\u00e4hig, aufgeschlossen und flexibel neue Aufgaben anzugehen und Grenzen zu akzeptieren. In vielen Reitschulen ist es Gang und G\u00e4be, dass Kinder das gesattelte Pferd in der Hallenmitte \u00fcbernehmen und nach der Reitstunde an den n\u00e4chsten Sch\u00fcler \u00fcbergeben. Sicher ist: den Umgang mit dem Pferd lernt es dabei definitiv nicht. Und dies m\u00f6chte ich den Kindern zeigen. Vor allem Kinder genie\u00dfen den Kontakt zum Pferd. Sie lieben es, die Pferde zu putzen, zu streicheln und mit ihnen zu reden. Damit dieser Kontakt f\u00fcr Pferd und Kind Freude bringt, sind bestimmte Regeln wichtig. Das Zauberwort lautet: <b>horsemanship<\/b><\/p>\n<p style=\"text-align: justify;\"><a href=\"http:\/\/www.pferdefreunde-sv-starkenberg.de\/wp-content\/uploads\/2013\/05\/IMG_3331.jpg\" rel=\"lightbox[808]\"><img loading=\"lazy\" decoding=\"async\" class=\"alignnone size-thumbnail wp-image-736\" src=\"http:\/\/www.pferdefreunde-sv-starkenberg.de\/wp-content\/uploads\/2013\/05\/IMG_3331-150x150.jpg\" alt=\"yoyo game\" width=\"150\" height=\"150\" \/><\/a> <a href=\"http:\/\/www.pferdefreunde-sv-starkenberg.de\/wp-content\/uploads\/2017\/04\/IMG_7038.jpg\" rel=\"lightbox[808]\"><img loading=\"lazy\" decoding=\"async\" class=\"alignnone wp-image-6901\" src=\"http:\/\/www.pferdefreunde-sv-starkenberg.de\/wp-content\/uploads\/2017\/04\/IMG_7038-300x225.jpg\" alt=\"\" width=\"199\" height=\"149\" \/><\/a>\u00a0<a href=\"http:\/\/www.pferdefreunde-sv-starkenberg.de\/wp-content\/uploads\/2017\/04\/IMG_7497.jpg\" rel=\"lightbox[808]\"><img loading=\"lazy\" decoding=\"async\" class=\"alignnone wp-image-6912\" src=\"http:\/\/www.pferdefreunde-sv-starkenberg.de\/wp-content\/uploads\/2017\/04\/IMG_7497-300x225.jpg\" alt=\"\" width=\"201\" height=\"151\" srcset=\"http:\/\/www.pferdefreunde-sv-starkenberg.de\/wp-content\/uploads\/2017\/04\/IMG_7497-300x225.jpg 300w, http:\/\/www.pferdefreunde-sv-starkenberg.de\/wp-content\/uploads\/2017\/04\/IMG_7497-768x576.jpg 768w, http:\/\/www.pferdefreunde-sv-starkenberg.de\/wp-content\/uploads\/2017\/04\/IMG_7497.jpg 800w\" sizes=\"auto, (max-width: 201px) 100vw, 201px\" \/><\/a>\u00a0<a href=\"http:\/\/www.pferdefreunde-sv-starkenberg.de\/wp-content\/uploads\/2017\/04\/IMG_7516.jpg\" rel=\"lightbox[808]\"><img loading=\"lazy\" decoding=\"async\" class=\"alignnone wp-image-6915\" src=\"http:\/\/www.pferdefreunde-sv-starkenberg.de\/wp-content\/uploads\/2017\/04\/IMG_7516-300x225.jpg\" alt=\"\" width=\"199\" height=\"148\" srcset=\"http:\/\/www.pferdefreunde-sv-starkenberg.de\/wp-content\/uploads\/2017\/04\/IMG_7516-300x225.jpg 300w, http:\/\/www.pferdefreunde-sv-starkenberg.de\/wp-content\/uploads\/2017\/04\/IMG_7516-768x576.jpg 768w, http:\/\/www.pferdefreunde-sv-starkenberg.de\/wp-content\/uploads\/2017\/04\/IMG_7516.jpg 800w\" sizes=\"auto, (max-width: 199px) 100vw, 199px\" \/><\/a>\u00a0<a href=\"http:\/\/www.pferdefreunde-sv-starkenberg.de\/wp-content\/uploads\/2017\/04\/IMG_8659.jpg\" rel=\"lightbox[808]\"><img loading=\"lazy\" decoding=\"async\" class=\"alignnone wp-image-6944\" src=\"http:\/\/www.pferdefreunde-sv-starkenberg.de\/wp-content\/uploads\/2017\/04\/IMG_8659-300x225.jpg\" alt=\"\" width=\"201\" height=\"150\" \/><\/a><\/p>\n<p style=\"text-align: justify;\">Ein ungleiches Kr\u00e4fteverh\u00e4ltnis zwischen Kind und Pferd ist gegeben. 500kg Lebendgewicht hat ein Kind nichts entgegenzusetzen. Wollen wir mit Pferden kommunizieren, darf Kraft keine Rolle spielen. Wir m\u00fcssen die Pferde verstehen lernen. Es geht im horsemanship also darum, \u201epferdisch\u201c zu lernen.<b> <\/b><\/p>\n<p style=\"text-align: justify;\"><a href=\"http:\/\/www.pferdefreunde-sv-starkenberg.de\/wp-content\/uploads\/2013\/02\/Bild-05.jpg\" rel=\"lightbox[808]\"><img loading=\"lazy\" decoding=\"async\" class=\"size-thumbnail wp-image-95 alignleft\" src=\"http:\/\/www.pferdefreunde-sv-starkenberg.de\/wp-content\/uploads\/2013\/02\/Bild-05-150x150.jpg\" alt=\"Bild 05\" width=\"150\" height=\"150\" \/><\/a>Bei unseren Treffen beobachten wir als erstes die <span style=\"color: #ffff99;\"><b>Pferdeherde<\/b><\/span>. Die Kinder sollen mal h\u00f6ren, was die Pferde zu sagen haben\u2026. \ud83d\ude09 \u00a0 Pferde kommunizieren untereinander nur sehr selten per Laut\u00fcbermittlung, so w\u00fcrden sie in freier Wildbahn nur ihre Feinde auf sich aufmerksam machen. Genau deshalb kommunizieren Pferde untereinander nonverbal \u2013 k\u00f6rpersprachlich. Wir gehen\u00a0der Frage nach, wie Pferde miteinander sprechen, warum sie mit den Ohren wackeln oder mit dem Schweif schlagen. Mit welchen <span style=\"color: #ffff99;\"><b>K\u00f6rperteilen<\/b> <\/span>kann ein Pferd noch seine Stimmung ausdr\u00fccken? Nat\u00fcrlich d\u00fcrfen und sollen Kinder mit Pferden reden, aber Pferde verstehen nicht die Worte, sonder sp\u00fcren den Klang der Stimme, ob man freundlich gesinnt ist oder es tadelt.<\/p>\n<p style=\"text-align: justify;\">Als n\u00e4chstes erz\u00e4hle\u00a0ich den Kindern ein paar Dinge, die f\u00fcr das Verst\u00e4ndnis wichtig sind. Dabei geht\u00a0es um die <span style=\"color: #ffff99;\"><b>Rangordnung<\/b> <\/span>in einer Herde und das <span style=\"color: #ffff99;\"><b>F\u00fchren durch den Menschen<\/b><\/span>. Pferde f\u00fchlen sich sicher, wenn das Leittier vorangeht. Diese Sicherheit k\u00f6nnen auch Kinder ihrem Pferd geben. \u00a0Wir haben zwei gaaanz liebe St\u00fctchen auf dem Hof und die werden dann erstmal ordentlich geputzt.<a href=\"http:\/\/www.pferdefreunde-sv-starkenberg.de\/wp-content\/uploads\/2013\/05\/IMG_3493.jpg\" rel=\"lightbox[808]\"><img loading=\"lazy\" decoding=\"async\" class=\"size-thumbnail wp-image-741 alignright\" src=\"http:\/\/www.pferdefreunde-sv-starkenberg.de\/wp-content\/uploads\/2013\/05\/IMG_3493-150x150.jpg\" alt=\"sideway game\" width=\"150\" height=\"150\" \/><\/a><\/p>\n<p style=\"text-align: justify;\">Danach stelle ich\u00a0die zuk\u00fcnftige <span style=\"color: #ffff99;\"><b>Ausr\u00fcstung<\/b> <\/span>vor. Es handelt sich dabei um ein Knotenhalfter, ein 3,7m Seil und einen Kontaktstock (Stick) mit einem kleinen Seilchen dran, dieser Stock ist keine Gerte o.\u00e4., sondern soll der verl\u00e4ngerte Arm sein. Mit diesen Gegenst\u00e4nden werden wir dann sp\u00e4ter mit den Pferden auf dem Reitplatz spielen. Ja, man nennt es \u201eSpiele\u201c, denn es soll ja allen Spa\u00df machen und Arbeit klingt nicht immer so spa\u00dfig oder? Da man die Ausr\u00fcstungsgegenst\u00e4nde bei der Kommunikation mit dem Pferd gut und sicher beherrschen sollte, werden wir in kleinen Gruppen miteinander den Umgang mit Seil und Stick \u00fcben. Die Kinder lernen dabei mit beiden H\u00e4nden sicher umzugehen. Diese \u00dcbungen sind am Anfang besonders wichtig.<\/p>\n<p style=\"text-align: justify;\">Ich zeige den kids, wie und in welcher Art und Weise man das erste der <span style=\"color: #ffff99;\"><b>sieben Spiele<\/b><\/span> mit dem Pferd \u201espielen\u201c kann. Es ist das<span style=\"color: #ffff99;\"> <b>\u201efriendly game\u201c<\/b><\/span> \u2013\u00a0 das sog. Freundschaftsspiel. Dabei wird versucht, das Pferd mit \u00fcberall zu ber\u00fchren, ohne dass es Angst hat. Ziel ist es, dem Pferd damit zu zeigen, dass man ein guter Anf\u00fchrer ist und es uns in jeder Situation vertrauen kann. Das Pferd zeigt uns sein Vertrauen, indem es stehenbleibt, egal was ich neben ihm alles tue.<a href=\"http:\/\/www.pferdefreunde-sv-starkenberg.de\/wp-content\/uploads\/2013\/05\/IMG_3414.jpg\" rel=\"lightbox[808]\"><img loading=\"lazy\" decoding=\"async\" class=\"size-thumbnail wp-image-739 alignleft\" src=\"http:\/\/www.pferdefreunde-sv-starkenberg.de\/wp-content\/uploads\/2013\/05\/IMG_3414-150x150.jpg\" alt=\"Anja und Ronja\" width=\"150\" height=\"150\" \/><\/a><\/p>\n<p style=\"text-align: justify;\">Danach hei\u00dft es lernen, wie man das Pferd f\u00fchrt. Das Pferd soll dabei in einem gewissen Abstand zum Mensch bleiben. Dieses <span style=\"color: #ffff99;\"><b>F\u00fchrtraining<\/b> <\/span>ist wichtige Voraussetzung f\u00fcr die Partnerschaft zwischen Kind und Pferd. Wichtig ist dabei eine eindeutige K\u00f6rpersprache und Konsequenz.<\/p>\n<p style=\"text-align: justify;\">Im Anschluss sollte nat\u00fcrlich den Kindern auch die Gelegenheit gegeben werden, sich mal auf den <span style=\"color: #ffff99;\"><b>Pferder\u00fccken<\/b> <\/span>zu begeben. Alle Teilnehmer werden so durch den aufgebauten Parcour auf dem Reitplatz noch einmal gef\u00fchrt.<\/p>\n<p style=\"text-align: justify;\">Horsemanship for kids ist kein Reitunterricht, es\u00a0hilft Kindern, sich mit Pferden zu verst\u00e4ndigen. Kinder lernen \u201epferdisch\u201c.<a href=\"http:\/\/www.pferdefreunde-sv-starkenberg.de\/wp-content\/uploads\/2016\/03\/IMG_5769.jpg\" rel=\"lightbox[808]\"><img loading=\"lazy\" decoding=\"async\" class=\"alignright wp-image-6444 \" src=\"http:\/\/www.pferdefreunde-sv-starkenberg.de\/wp-content\/uploads\/2016\/03\/IMG_5769-e1506971843677-300x285.jpg\" alt=\"\" width=\"187\" height=\"178\" srcset=\"http:\/\/www.pferdefreunde-sv-starkenberg.de\/wp-content\/uploads\/2016\/03\/IMG_5769-e1506971843677-300x285.jpg 300w, http:\/\/www.pferdefreunde-sv-starkenberg.de\/wp-content\/uploads\/2016\/03\/IMG_5769-e1506971843677-768x729.jpg 768w, http:\/\/www.pferdefreunde-sv-starkenberg.de\/wp-content\/uploads\/2016\/03\/IMG_5769-e1506971843677-1024x973.jpg 1024w, http:\/\/www.pferdefreunde-sv-starkenberg.de\/wp-content\/uploads\/2016\/03\/IMG_5769-e1506971843677.jpg 1116w\" sizes=\"auto, (max-width: 187px) 100vw, 187px\" \/><\/a> So lernt man, das Pferd sicher von A nach B zu bringen, es richtig anzubinden, um es zu putzen und vieles mehr. Es macht beide Partner &#8211; Kinder und Pferde \u2013 stolz und selbstbewusst. Dieses Wissen macht Kinder kompetent und minimiert Gefahren, die beim Umgang mit solchen gro\u00dfen Tieren bestehen. Ganz wichtig ist dabei auch, den Standpunkt des anderen verstehen zu wollen. Dies geh\u00f6rt zu einer gelungenen Kommunikation.<\/p>\n<p style=\"text-align: justify;\">Dies war nun ein kleiner Einblick. Abwechslung zwischen Theorie und Praxis \u00a0ist selbstverst\u00e4ndlich und das ganze nat\u00fcrlich spielerisch gestaltet. Es geht darum, den Kindern die M\u00f6glichkeit zu geben, das Lebewesen Pferd, aber nat\u00fcrlich auch sich selbst besser kennen zu lernen. Spielerisch lernen die Kinder eine Sprache kennen, die auch Pferde verstehen&#8230; die Sprache des K\u00f6rpers.<\/p>\n<p style=\"text-align: justify;\">Anja\u00a0K\u00fchn<\/p>\n<h2><a title=\"Bildergalerie\" href=\"http:\/\/www.pferdefreunde-sv-starkenberg.de\/?page_id=63\">hier entlang zur Bildergalerie &#8230;.<\/a><\/h2>","protected":false},"excerpt":{"rendered":"<p>Bis 31.05.2023 haben wir unser horsemanship for kids angeboten. In unserem Umfeld haben sich pers\u00f6nliche und gesundheitliche Aspekte ergeben, dass&#8230;<\/p>\n","protected":false},"author":1,"featured_media":0,"parent":0,"menu_order":0,"comment_status":"closed","ping_status":"closed","template":"","meta":{"footnotes":""},"class_list":["post-808","page","type-page","status-publish","hentry"],"_links":{"self":[{"href":"http:\/\/www.pferdefreunde-sv-starkenberg.de\/index.php?rest_route=\/wp\/v2\/pages\/808","targetHints":{"allow":["GET"]}}],"collection":[{"href":"http:\/\/www.pferdefreunde-sv-starkenberg.de\/index.php?rest_route=\/wp\/v2\/pages"}],"about":[{"href":"http:\/\/www.pferdefreunde-sv-starkenberg.de\/index.php?rest_route=\/wp\/v2\/types\/page"}],"author":[{"embeddable":true,"href":"http:\/\/www.pferdefreunde-sv-starkenberg.de\/index.php?rest_route=\/wp\/v2\/users\/1"}],"replies":[{"embeddable":true,"href":"http:\/\/www.pferdefreunde-sv-starkenberg.de\/index.php?rest_route=%2Fwp%2Fv2%2Fcomments&post=808"}],"version-history":[{"count":37,"href":"http:\/\/www.pferdefreunde-sv-starkenberg.de\/index.php?rest_route=\/wp\/v2\/pages\/808\/revisions"}],"predecessor-version":[{"id":9496,"href":"http:\/\/www.pferdefreunde-sv-starkenberg.de\/index.php?rest_route=\/wp\/v2\/pages\/808\/revisions\/9496"}],"wp:attachment":[{"href":"http:\/\/www.pferdefreunde-sv-starkenberg.de\/index.php?rest_route=%2Fwp%2Fv2%2Fmedia&parent=808"}],"curies":[{"name":"wp","href":"https:\/\/api.w.org\/{rel}","templated":true}]}}