{"id":837,"date":"2013-05-12T21:25:45","date_gmt":"2013-05-12T20:25:45","guid":{"rendered":"http:\/\/www.pferdefreunde-sv-starkenberg.de\/?page_id=837"},"modified":"2013-05-12T21:25:45","modified_gmt":"2013-05-12T20:25:45","slug":"wissen-natural-horsemanship","status":"publish","type":"page","link":"http:\/\/www.pferdefreunde-sv-starkenberg.de\/?page_id=837","title":{"rendered":"Wissen &#8211; natural horsemanship"},"content":{"rendered":"<p><strong>natural horsemanship &#8211; Der Umgang mit dem Pferd<\/strong><\/p>\n<p>\u2026 steht f\u00fcr einen nat\u00fcrlichen, pferdegerechten Umgang mit dem Pferd \u2013 sowohl vom Boden aus, als auch unter dem Sattel. Die Vorarbeit f\u00fcr den klaren Kopf beim Reiten, das Vertrauen und den Respekt dem Menschen gegen\u00fcber, leistet die Bodenarbeit &#8211; das sog. natural horsemanship. Bodenarbeit ist die Arbeit mit dem Pferd, bei der es nicht geritten wird.<\/p>\n<p>Wir Menschen kommunizieren haupts\u00e4chlich \u00fcber die Sprache; K\u00f6rperhaltungen nehmen wir eher unbewusst wahr. Pferde sind dagegen geradezu penible Beobachter ihrer Umgebung! Kein Mensch kann einem Pferd etwas \u201evorspielen\u201c. Pferde \u201elesen\u201c unseren Gem\u00fctszustand ganz genau \u2013 Angst, Unsicherheit, Trauer, Entspannung, Gelassenheit, all das sp\u00fcrt ein Pferd sofort. Was als Spielerei und Kinderkram wirkt und f\u00fcr den blo\u00dfen Beobachter eher unspektakul\u00e4r aussieht, bedarf genauso der \u00dcbung wie das Reiten. Bei einem guten Reiter sieht man ja auch nur noch Leichtigkeit und Selbstverst\u00e4ndlichkeit zwischen ihm und dem Pferd.<\/p>\n<p>Sp\u00e4testens seit dem Bestseller \u201e Der Pferdefl\u00fcsterer\u201c mit Robert Redford ist natural horsemanship auch in Europa bekannt. Dabei hat natural horsemanship mit Pferdefl\u00fcstern nichts zu tun. Es steht vielmehr f\u00fcr einen nat\u00fcrlichen, pferdegerechten Umgang mit dem Pferd \u2013 sowohl vom Boden aus, als auch unter dem Sattel. \u00a0\u201ePferdefl\u00fcstern\u201c ist nichts anderes, das sog. \u201ehorsemanship\u201c ist dabei keine kurzfristige Mode-Erscheinung, sondern eine sehr alte Tradition, die nicht zuletzt durch Monty Roberts wieder bekannt wurde.\u00a0<a title=\"Bild 33\" href=\"http:\/\/www.starkenberg.info\/_WP\/wp-content\/uploads\/2012\/11\/Bild-331.jpg\" rel=\"same-post-2369\" rel=\"lightbox[837]\"><br \/>\n<\/a>Weitere ber\u00fchmte Pers\u00f6nlichkeiten, die ihre eigene Form der Bodenarbeit pr\u00e4sentieren und interessierten Menschen beibringen sind u.a.: Pat Parelli und Linda Tellington Jones (TTEAM). Auch der Haflinger Quent von Kristin Pr\u00fcfer wurde nach dem Prinzip das natural horsemanship ausgebildet.<\/p>\n<p>&#8230;<\/p>\n","protected":false},"excerpt":{"rendered":"<p>natural horsemanship &#8211; Der Umgang mit dem Pferd \u2026 steht f\u00fcr einen nat\u00fcrlichen, pferdegerechten Umgang mit dem Pferd \u2013 sowohl&#8230;<\/p>\n","protected":false},"author":1,"featured_media":0,"parent":200,"menu_order":0,"comment_status":"closed","ping_status":"closed","template":"","meta":{"footnotes":""},"class_list":["post-837","page","type-page","status-publish","hentry"],"_links":{"self":[{"href":"http:\/\/www.pferdefreunde-sv-starkenberg.de\/index.php?rest_route=\/wp\/v2\/pages\/837","targetHints":{"allow":["GET"]}}],"collection":[{"href":"http:\/\/www.pferdefreunde-sv-starkenberg.de\/index.php?rest_route=\/wp\/v2\/pages"}],"about":[{"href":"http:\/\/www.pferdefreunde-sv-starkenberg.de\/index.php?rest_route=\/wp\/v2\/types\/page"}],"author":[{"embeddable":true,"href":"http:\/\/www.pferdefreunde-sv-starkenberg.de\/index.php?rest_route=\/wp\/v2\/users\/1"}],"replies":[{"embeddable":true,"href":"http:\/\/www.pferdefreunde-sv-starkenberg.de\/index.php?rest_route=%2Fwp%2Fv2%2Fcomments&post=837"}],"version-history":[{"count":1,"href":"http:\/\/www.pferdefreunde-sv-starkenberg.de\/index.php?rest_route=\/wp\/v2\/pages\/837\/revisions"}],"predecessor-version":[{"id":838,"href":"http:\/\/www.pferdefreunde-sv-starkenberg.de\/index.php?rest_route=\/wp\/v2\/pages\/837\/revisions\/838"}],"up":[{"embeddable":true,"href":"http:\/\/www.pferdefreunde-sv-starkenberg.de\/index.php?rest_route=\/wp\/v2\/pages\/200"}],"wp:attachment":[{"href":"http:\/\/www.pferdefreunde-sv-starkenberg.de\/index.php?rest_route=%2Fwp%2Fv2%2Fmedia&parent=837"}],"curies":[{"name":"wp","href":"https:\/\/api.w.org\/{rel}","templated":true}]}}